{"id":1227,"date":"2020-06-18T21:15:45","date_gmt":"2020-06-18T20:15:45","guid":{"rendered":"http:\/\/www.senklerhof.de\/?page_id=1227"},"modified":"2023-03-26T20:30:19","modified_gmt":"2023-03-26T19:30:19","slug":"coronaschutzordnung","status":"publish","type":"page","link":"https:\/\/www.senklerhof.de\/index.php\/coronaschutzordnung\/","title":{"rendered":"Hygienekonzept"},"content":{"rendered":"<h3><strong>Hygienetipps<\/strong><\/h3>\n<p>Im Alltag begegnen wir einer Vielzahl von Erregern wie Viren und Bakterien. Einfache Hygienema\u00dfnahmen tragen dazu bei, sich und andere vor ansteckenden Infektionskrankheiten zu sch\u00fctzen. Beim Besuch des Senklerhofes bitten wir, diese allgemeinen Hygieneregeln zu beachten. Die 10 wichtigsten Hygienetipps, die auch als Aushang am Infobrett angebracht sind, sind:<\/p>\n<table width=\"600\">\n<tbody>\n<tr>\n<td width=\"100\"><img loading=\"lazy\" decoding=\"async\" class=\"alignleft size-full wp-image-1260\" src=\"http:\/\/www.senklerhof.de\/wp-content\/uploads\/2020\/06\/Regelm\u00e4\u00dfig-H\u00e4nde-waschen.png\" alt=\"\" width=\"133\" height=\"136\"><\/td>\n<td width=\"200\"><strong>Regelm\u00e4\u00dfig H\u00e4nde Waschen<\/strong><\/p>\n<p>&nbsp;<\/td>\n<td width=\"100\"><img loading=\"lazy\" decoding=\"async\" class=\"alignleft size-full wp-image-1265\" src=\"http:\/\/www.senklerhof.de\/wp-content\/uploads\/2020\/06\/H\u00e4nde-gr\u00fcndich-waschen.png\" alt=\"\" width=\"131\" height=\"134\"><\/td>\n<td width=\"200\"><strong>H\u00e4nde gr\u00fcndlich waschen<\/strong><\/p>\n<p>&nbsp;<\/td>\n<\/tr>\n<tr>\n<td width=\"100\"><img loading=\"lazy\" decoding=\"async\" class=\"alignleft size-full wp-image-1273\" src=\"http:\/\/www.senklerhof.de\/wp-content\/uploads\/2020\/06\/H\u00e4nde-aus-dem-Gesicht.png\" alt=\"\" width=\"131\" height=\"133\"><\/td>\n<td width=\"200\"><strong>H\u00e4nde aus dem Gesicht fernhalten<\/strong><\/p>\n<p>&nbsp;<\/td>\n<td width=\"100\"><img loading=\"lazy\" decoding=\"async\" class=\"alignleft size-full wp-image-1269\" src=\"http:\/\/www.senklerhof.de\/wp-content\/uploads\/2020\/06\/Richtig-niesen.png\" alt=\"\" width=\"131\" height=\"134\"><\/td>\n<td width=\"200\"><strong>Richtig husten und niesen (in die Armbeuge, von anderen abgewandt)<\/strong><\/p>\n<p>&nbsp;<\/td>\n<\/tr>\n<tr>\n<td width=\"100\"><img loading=\"lazy\" decoding=\"async\" class=\"alignleft size-full wp-image-1262\" src=\"http:\/\/www.senklerhof.de\/wp-content\/uploads\/2020\/06\/Abstand-halten.png\" alt=\"\" width=\"131\" height=\"134\"><\/td>\n<td width=\"200\"><strong>Abstand halten<\/strong><\/p>\n<p>&nbsp;<\/td>\n<td width=\"100\"><img loading=\"lazy\" decoding=\"async\" class=\"alignleft size-full wp-image-1270\" src=\"http:\/\/www.senklerhof.de\/wp-content\/uploads\/2020\/06\/Wunde-sch\u00fctzen.png\" alt=\"\" width=\"131\" height=\"134\"><\/td>\n<td width=\"200\"><strong>Wunde sch\u00fctzen<\/strong><\/p>\n<p>&nbsp;<\/td>\n<\/tr>\n<tr>\n<td width=\"100\"><img loading=\"lazy\" decoding=\"async\" class=\"alignleft size-full wp-image-1263\" src=\"http:\/\/www.senklerhof.de\/wp-content\/uploads\/2020\/06\/Auf-ein-sauberes-Zuhause-achten.png\" alt=\"\" width=\"133\" height=\"134\"><\/td>\n<td width=\"200\"><strong>Auf ein sauberes Umfeld achten<\/strong><\/p>\n<p>&nbsp;<\/td>\n<td width=\"94\"><img loading=\"lazy\" decoding=\"async\" class=\"alignleft size-full wp-image-1267\" src=\"http:\/\/www.senklerhof.de\/wp-content\/uploads\/2020\/06\/Lebensmittel-hygienisch-umgehen.png\" alt=\"\" width=\"133\" height=\"134\"><\/td>\n<td width=\"200\"><strong>Mit Lebensmittel hygienisch umgehen<\/strong><\/p>\n<p>&nbsp;<\/td>\n<\/tr>\n<tr>\n<td width=\"100\"><img loading=\"lazy\" decoding=\"async\" class=\"alignleft size-full wp-image-1264\" src=\"http:\/\/www.senklerhof.de\/wp-content\/uploads\/2020\/06\/Geschirr-hei\u00df-waschen.png\" alt=\"\" width=\"132\" height=\"134\"><\/td>\n<td width=\"200\"><strong>Geschirr und W\u00e4sche so hei\u00df wie n\u00f6tig waschen<\/strong><\/p>\n<p>&nbsp;<\/td>\n<td width=\"100\"><img loading=\"lazy\" decoding=\"async\" class=\"alignleft size-full wp-image-1268\" src=\"http:\/\/www.senklerhof.de\/wp-content\/uploads\/2020\/06\/Regelm\u00e4\u00dfig-l\u00fcften.png\" alt=\"\" width=\"132\" height=\"134\"><\/td>\n<td width=\"200\"><strong>Regelm\u00e4\u00dfig l\u00fcften<\/strong><\/p>\n<p>&nbsp;<\/td>\n<\/tr>\n<\/tbody>\n<\/table>\n<p>&nbsp;<\/p>\n<h4><strong>H\u00e4ndewaschen<\/strong>&nbsp;<\/h4>\n<p>Auf dem Senklerhof gibt es in der K\u00fcche und in der Damen- und Herrentoilette die M\u00f6glichkeit, seine H\u00e4nde zu waschen und zu desinfizieren.<\/p>\n<p style=\"padding-left: 40px;\"><img loading=\"lazy\" decoding=\"async\" class=\"alignleft wp-image-1237\" src=\"http:\/\/www.senklerhof.de\/wp-content\/uploads\/2020\/06\/Haende_waschen-300x300.jpg\" alt=\"\" width=\"100\" height=\"100\" srcset=\"https:\/\/www.senklerhof.de\/wp-content\/uploads\/2020\/06\/Haende_waschen-300x300.jpg 300w, https:\/\/www.senklerhof.de\/wp-content\/uploads\/2020\/06\/Haende_waschen-150x150.jpg 150w, https:\/\/www.senklerhof.de\/wp-content\/uploads\/2020\/06\/Haende_waschen-520x521.jpg 520w, https:\/\/www.senklerhof.de\/wp-content\/uploads\/2020\/06\/Haende_waschen.jpg 571w\" sizes=\"auto, (max-width: 100px) 100vw, 100px\" \/><img loading=\"lazy\" decoding=\"async\" class=\"alignleft wp-image-1236\" src=\"http:\/\/www.senklerhof.de\/wp-content\/uploads\/2020\/06\/Haende_-desinfizieren-300x300.jpg\" alt=\"\" width=\"100\" height=\"100\" srcset=\"https:\/\/www.senklerhof.de\/wp-content\/uploads\/2020\/06\/Haende_-desinfizieren-300x300.jpg 300w, https:\/\/www.senklerhof.de\/wp-content\/uploads\/2020\/06\/Haende_-desinfizieren-150x150.jpg 150w, https:\/\/www.senklerhof.de\/wp-content\/uploads\/2020\/06\/Haende_-desinfizieren-520x520.jpg 520w, https:\/\/www.senklerhof.de\/wp-content\/uploads\/2020\/06\/Haende_-desinfizieren.jpg 571w\" sizes=\"auto, (max-width: 100px) 100vw, 100px\" \/><\/p>\n<p>&nbsp;&nbsp;&nbsp;&nbsp;&nbsp;&nbsp;&nbsp;&nbsp;&nbsp;&nbsp;&nbsp;&nbsp;&nbsp;&nbsp;<\/p>\n<p>&nbsp;<\/p>\n<p>&nbsp;<\/p>\n<p>&nbsp;<\/p>\n<p>Neben den Desinfektionsspendern ist ein Piktogramm angebracht, das die f\u00fcnf wichtigen Schritte beim H\u00e4ndewaschen und der H\u00e4ndedesinfektion verdeutlicht.<\/p>\n<table width=\"600\">\n<tbody>\n<tr>\n<td width=\"100\"><img loading=\"lazy\" decoding=\"async\" class=\"alignleft size-full wp-image-1287\" src=\"http:\/\/www.senklerhof.de\/wp-content\/uploads\/2020\/06\/H\u00e4nde-befeuchten.png\" alt=\"\" width=\"129\" height=\"111\"><\/td>\n<td width=\"200\"><strong>H\u00e4nde befeuchten<\/strong><\/p>\n<p>H\u00e4nde unter flie\u00dfend Wasser halten<\/td>\n<td width=\"100\"><img loading=\"lazy\" decoding=\"async\" class=\"alignleft size-full wp-image-1285\" src=\"http:\/\/www.senklerhof.de\/wp-content\/uploads\/2020\/06\/Desinfektionsmittel-auftragen.png\" alt=\"\" width=\"129\" height=\"110\"><\/td>\n<td width=\"200\"><strong>Desinfektionsmittel auftragen<\/strong><\/p>\n<p>Handfl\u00e4chen aneinander reiben, gr\u00fcndlich verteilen<\/td>\n<\/tr>\n<tr>\n<td width=\"100\"><img loading=\"lazy\" decoding=\"async\" class=\"alignleft size-full wp-image-1288\" src=\"http:\/\/www.senklerhof.de\/wp-content\/uploads\/2020\/06\/H\u00e4nde-einseifen.png\" alt=\"\" width=\"129\" height=\"109\"><\/td>\n<td width=\"200\"><strong>Rundum einseifen<\/strong><\/p>\n<p>Handfl\u00e4chen von allen Seiten gr\u00fcndlich einseifen<\/td>\n<td width=\"100\"><img loading=\"lazy\" decoding=\"async\" class=\"alignleft size-full wp-image-1284\" src=\"http:\/\/www.senklerhof.de\/wp-content\/uploads\/2020\/06\/Daumen-Fingerkuppe.png\" alt=\"\" width=\"128\" height=\"110\"><\/td>\n<td width=\"200\"><strong>Daumen, Fingerkuppe und Nagelfalze<\/strong><\/p>\n<p>Kreisend einreiben<\/td>\n<\/tr>\n<tr>\n<td width=\"100\"><img loading=\"lazy\" decoding=\"async\" class=\"alignleft size-full wp-image-1283\" src=\"http:\/\/www.senklerhof.de\/wp-content\/uploads\/2020\/06\/Zeit-lassen.png\" alt=\"\" width=\"128\" height=\"109\"><\/td>\n<td width=\"200\"><strong>Zeit lassen<\/strong><\/p>\n<p>Gr\u00fcndlich Einsch\u00e4umen, dauert 20 bis 30 Sek<\/td>\n<td width=\"100\"><img loading=\"lazy\" decoding=\"async\" class=\"alignleft size-full wp-image-1282\" src=\"http:\/\/www.senklerhof.de\/wp-content\/uploads\/2020\/06\/Uhr-und-Schmuck.png\" alt=\"\" width=\"136\" height=\"117\"><\/td>\n<td width=\"200\"><strong>Uhren und Schmuck abnehmen!<\/strong><\/td>\n<\/tr>\n<tr>\n<td width=\"100\"><img loading=\"lazy\" decoding=\"async\" class=\"alignleft size-full wp-image-1286\" src=\"http:\/\/www.senklerhof.de\/wp-content\/uploads\/2020\/06\/Gr\u00fcndlich-absp\u00fclen.png\" alt=\"\" width=\"127\" height=\"108\"><\/td>\n<td width=\"200\"><strong>Gr\u00fcndlich absp\u00fclen<\/strong><\/p>\n<p>H\u00e4nde unter flie\u00dfendem Wasser absp\u00fclen<\/td>\n<td width=\"100\"><img loading=\"lazy\" decoding=\"async\" class=\"alignleft size-full wp-image-1289\" src=\"http:\/\/www.senklerhof.de\/wp-content\/uploads\/2020\/06\/Nicht-absp\u00fclen.png\" alt=\"\" width=\"135\" height=\"115\"><\/td>\n<td width=\"200\"><strong>Nicht absp\u00fclen!<\/strong><\/p>\n<p>Desinfektionsmittel einwirken lassen<\/td>\n<\/tr>\n<tr>\n<td width=\"100\"><img loading=\"lazy\" decoding=\"async\" class=\"alignleft size-full wp-image-1281\" src=\"http:\/\/www.senklerhof.de\/wp-content\/uploads\/2020\/06\/Sorgf\u00e4ltig-abtrocknen.png\" alt=\"\" width=\"128\" height=\"109\"><\/td>\n<td width=\"200\"><strong>Sorgf\u00e4ltig abtrocknen<\/strong><\/p>\n<p>H\u00e4nde mit einem sauberen Tuch trocknen<\/td>\n<td width=\"100\"><img loading=\"lazy\" decoding=\"async\" class=\"alignleft size-full wp-image-1290\" src=\"http:\/\/www.senklerhof.de\/wp-content\/uploads\/2020\/06\/Nicht-abtrocknen.png\" alt=\"\" width=\"147\" height=\"116\"><\/td>\n<td width=\"200\"><strong>Nicht abtrocknen!<\/strong><\/p>\n<p>H\u00e4nde reiben oder lufttrocknen lassen<\/td>\n<\/tr>\n<\/tbody>\n<\/table>\n<p>&nbsp;<\/p>\n<h4><strong>Reinigung von Fl\u00e4chen<\/strong>&nbsp;<\/h4>\n<p>W\u00e4hrend des Besuches auf dem Senklerhofes sind Oberfl\u00e4chen, insbesondere im Sanit\u00e4rbereich, Dusche, Tischoberfl\u00e4chen und der Arbeitsbereich der K\u00fcche (Arbeitsplatte, Sp\u00fcle, Herd und Backofen) regelm\u00e4\u00dfig zu reinigen. Die Endreinigung bitten wir besonders sorgf\u00e4ltig durchzuf\u00fchren.<\/p>\n<p style=\"padding-left: 40px;\"><img loading=\"lazy\" decoding=\"async\" class=\"alignleft wp-image-1233\" src=\"http:\/\/www.senklerhof.de\/wp-content\/uploads\/2020\/06\/Arbeitsplatz_-desinfizieren_01-300x300.jpg\" alt=\"\" width=\"100\" height=\"100\" srcset=\"https:\/\/www.senklerhof.de\/wp-content\/uploads\/2020\/06\/Arbeitsplatz_-desinfizieren_01-300x300.jpg 300w, https:\/\/www.senklerhof.de\/wp-content\/uploads\/2020\/06\/Arbeitsplatz_-desinfizieren_01-150x150.jpg 150w, https:\/\/www.senklerhof.de\/wp-content\/uploads\/2020\/06\/Arbeitsplatz_-desinfizieren_01-520x520.jpg 520w, https:\/\/www.senklerhof.de\/wp-content\/uploads\/2020\/06\/Arbeitsplatz_-desinfizieren_01.jpg 571w\" sizes=\"auto, (max-width: 100px) 100vw, 100px\" \/><\/p>\n<p>&nbsp;&nbsp;&nbsp;&nbsp;&nbsp;&nbsp;&nbsp;&nbsp;&nbsp;&nbsp;&nbsp;&nbsp;&nbsp;&nbsp;&nbsp;<\/p>\n<p>&nbsp;<\/p>\n<p>&nbsp;<\/p>\n<p>&nbsp;<\/p>\n<h4><strong>Reinigung von Geschirr<\/strong><\/h4>\n<p>Da auf den Senklerhof keine Geschirrsp\u00fclmaschine vorhanden ist, ist beim Sp\u00fclen des Geschirrs m\u00f6glichst hei\u00dfes Wasser und Sp\u00fclmittel zu verwenden. Bei der Verwendung von k\u00e4lterem Wasser ist besonders auf eine ausreichende Menge des Sp\u00fclmittels, l\u00e4ngere Verweildauer des Geschirrs im Sp\u00fclbecken sowie eine sorgf\u00e4ltige mechanische Reinigung und anschlie\u00dfende Trocknung zu achten.<\/p>\n<p style=\"padding-left: 40px;\"><img loading=\"lazy\" decoding=\"async\" class=\"alignleft wp-image-1234\" src=\"http:\/\/www.senklerhof.de\/wp-content\/uploads\/2020\/06\/Geschirr_Flaeche_reinigen-300x300.jpg\" alt=\"\" width=\"100\" height=\"100\" srcset=\"https:\/\/www.senklerhof.de\/wp-content\/uploads\/2020\/06\/Geschirr_Flaeche_reinigen-300x300.jpg 300w, https:\/\/www.senklerhof.de\/wp-content\/uploads\/2020\/06\/Geschirr_Flaeche_reinigen-150x150.jpg 150w, https:\/\/www.senklerhof.de\/wp-content\/uploads\/2020\/06\/Geschirr_Flaeche_reinigen-520x520.jpg 520w, https:\/\/www.senklerhof.de\/wp-content\/uploads\/2020\/06\/Geschirr_Flaeche_reinigen.jpg 571w\" sizes=\"auto, (max-width: 100px) 100vw, 100px\" \/><img loading=\"lazy\" decoding=\"async\" class=\"alignleft wp-image-1243\" src=\"http:\/\/www.senklerhof.de\/wp-content\/uploads\/2020\/06\/nur_kurz_verweilen-300x300.jpg\" alt=\"\" width=\"100\" height=\"100\" srcset=\"https:\/\/www.senklerhof.de\/wp-content\/uploads\/2020\/06\/nur_kurz_verweilen-300x300.jpg 300w, https:\/\/www.senklerhof.de\/wp-content\/uploads\/2020\/06\/nur_kurz_verweilen-150x150.jpg 150w, https:\/\/www.senklerhof.de\/wp-content\/uploads\/2020\/06\/nur_kurz_verweilen-520x520.jpg 520w, https:\/\/www.senklerhof.de\/wp-content\/uploads\/2020\/06\/nur_kurz_verweilen.jpg 571w\" sizes=\"auto, (max-width: 100px) 100vw, 100px\" \/><\/p>\n<p>&nbsp;<\/p>\n<p>&nbsp;<\/p>\n<p>&nbsp;<\/p>\n<p>&nbsp;&nbsp;<\/p>\n<h4><strong>Verwendung von Textilien<\/strong><\/h4>\n<p>Auf dem Senklerhof werden keine Textilien zur Nutzung vorgehalten. Schlafs\u00e4cke\/Bettzeug, Kissen, Handt\u00fccher, Sp\u00fcllappen und Geschirrt\u00fccher sind selbst mitzubringen. Jedes benutzte Bett ist mit einem Laken\/Spannbetttuch zu beziehen, das auch selbst mitzubringen ist. Jugendherbergsdecken stehen f\u00fcr Notf\u00e4lle zur Verf\u00fcgung. Auch Putzlappen zur Reinigung des Fu\u00dfbodens sind vorhanden.<\/p>\n<p>&nbsp;<\/p>\n<h4><strong>Durchl\u00fcftung der R\u00e4ume<\/strong><\/h4>\n<p>W\u00e4hrend des Besuches ist auf eine regelm\u00e4\u00dfige L\u00fcftung der Innenr\u00e4ume zu achten. Am wirkungsvollsten ist dabei die Sto\u00dfl\u00fcftung mit weit ge\u00f6ffneten Fenstern. Die L\u00fcftungsdauer sollte je nach Wetter 3 bis 10 Minuten betragen.<\/p>\n<p style=\"padding-left: 40px;\"><img loading=\"lazy\" decoding=\"async\" class=\"alignleft wp-image-1230\" src=\"http:\/\/www.senklerhof.de\/wp-content\/uploads\/2020\/06\/Regelmaessig_lueften-300x300.jpg\" alt=\"\" width=\"100\" height=\"100\" srcset=\"https:\/\/www.senklerhof.de\/wp-content\/uploads\/2020\/06\/Regelmaessig_lueften-300x300.jpg 300w, https:\/\/www.senklerhof.de\/wp-content\/uploads\/2020\/06\/Regelmaessig_lueften-150x150.jpg 150w, https:\/\/www.senklerhof.de\/wp-content\/uploads\/2020\/06\/Regelmaessig_lueften-520x520.jpg 520w, https:\/\/www.senklerhof.de\/wp-content\/uploads\/2020\/06\/Regelmaessig_lueften.jpg 571w\" sizes=\"auto, (max-width: 100px) 100vw, 100px\" \/><\/p>\n<p>&nbsp;&nbsp;&nbsp;&nbsp;&nbsp;&nbsp;&nbsp;&nbsp;&nbsp;&nbsp;&nbsp;&nbsp;&nbsp;&nbsp;&nbsp;<\/p>\n","protected":false},"excerpt":{"rendered":"<p>Hygienetipps Im Alltag begegnen wir einer Vielzahl von Erregern wie Viren und Bakterien. Einfache Hygienema\u00dfnahmen tragen dazu bei, sich und andere vor ansteckenden Infektionskrankheiten zu sch\u00fctzen. Beim Besuch des Senklerhofes bitten wir, diese allgemeinen Hygieneregeln zu beachten. Die 10 wichtigsten Hygienetipps, die auch als Aushang<a class=\"read-more\" href=\"https:\/\/www.senklerhof.de\/index.php\/coronaschutzordnung\/\">Weiterlesen<\/a><\/p>\n","protected":false},"author":1,"featured_media":0,"parent":0,"menu_order":0,"comment_status":"closed","ping_status":"closed","template":"","meta":{"ngg_post_thumbnail":0,"footnotes":""},"class_list":["post-1227","page","type-page","status-publish","hentry"],"_links":{"self":[{"href":"https:\/\/www.senklerhof.de\/index.php\/wp-json\/wp\/v2\/pages\/1227","targetHints":{"allow":["GET"]}}],"collection":[{"href":"https:\/\/www.senklerhof.de\/index.php\/wp-json\/wp\/v2\/pages"}],"about":[{"href":"https:\/\/www.senklerhof.de\/index.php\/wp-json\/wp\/v2\/types\/page"}],"author":[{"embeddable":true,"href":"https:\/\/www.senklerhof.de\/index.php\/wp-json\/wp\/v2\/users\/1"}],"replies":[{"embeddable":true,"href":"https:\/\/www.senklerhof.de\/index.php\/wp-json\/wp\/v2\/comments?post=1227"}],"version-history":[{"count":41,"href":"https:\/\/www.senklerhof.de\/index.php\/wp-json\/wp\/v2\/pages\/1227\/revisions"}],"predecessor-version":[{"id":2406,"href":"https:\/\/www.senklerhof.de\/index.php\/wp-json\/wp\/v2\/pages\/1227\/revisions\/2406"}],"wp:attachment":[{"href":"https:\/\/www.senklerhof.de\/index.php\/wp-json\/wp\/v2\/media?parent=1227"}],"curies":[{"name":"wp","href":"https:\/\/api.w.org\/{rel}","templated":true}]}}