{"id":143,"date":"2018-02-11T14:23:44","date_gmt":"2018-02-11T14:23:44","guid":{"rendered":"http:\/\/192.168.130.227\/senklerhof\/?page_id=143"},"modified":"2026-01-12T19:55:44","modified_gmt":"2026-01-12T18:55:44","slug":"belegung","status":"publish","type":"page","link":"https:\/\/www.senklerhof.de\/index.php\/belegung\/","title":{"rendered":"Belegung"},"content":{"rendered":"<p><strong>Aktuelle Belegung des Hauses<\/strong><\/p>\n<!-- Begin Advanced Booking Calendar WordPress plugin: https:\/\/www.booking-calendar-plugin.com -->\n\t\t<div class=\"abc-box abc-calendar-overview\" id=\"abc-calendaroverview-69f7505200388\">\n\t\t\t\t<div class=\"abc-calendar-overview\">\n\t\t\t\t<table>\n\t\t\t\t<thead>\n\t\t\t\t\t<tr>\n\t\t\t\t\t\t<th class=\"abcDateSelector\">\n\t\t\t\t\t\t\t<button data-id=\"69f7505200388\" data-year=\"2026\" data-month=\"4\" class=\"fa fa-chevron-left abc-button-rl abc-overview-button-left abc-overview-button\"><\/button>\n\t\t\t\t\t\t\t<button data-id=\"69f7505200388\" data-year=\"2026\" data-month=\"6\" class=\"fa fa-chevron-right abc-button-rl abc-overview-button-right abc-overview-button\"><\/button>\n\t\t\t\t\t\t\n\t\t\t\t\t\t<div class=\"abcDateForm\">\n\t\t\t\t\t\t\t<select data-id=\"69f7505200388\" class=\"abcMonthSelector\" name=\"abcMonth\" size=\"1\"><option value=\"1\">Jan.<\/option><option value=\"2\">Feb.<\/option><option value=\"3\">M\u00e4rz<\/option><option value=\"4\">Apr.<\/option><option value=\"5\" selected>Mai<\/option><option value=\"6\">Juni<\/option><option value=\"7\">Juli<\/option><option value=\"8\">Aug.<\/option><option value=\"9\">Sep.<\/option><option value=\"10\">Okt.<\/option><option value=\"11\">Nov.<\/option><option value=\"12\">Dez.<\/option>\t\t\t\t\t\t\t<\/select>\n\t\t\t\t\t\t\t\t<select data-id=\"69f7505200388\" class=\"abcYearSelector\" name=\"abcYear\" size=\"1\"><li><option value=\"2024\">2024<\/option><li><option value=\"2025\">2025<\/option><li><option value=\"2026\" selected>2026<\/option><li><option value=\"2027\">2027<\/option><li><option value=\"2028\">2028<\/option>\t\t\t\t\t\t<\/select>\n\t\t\t\t\t\t<\/div><\/th><th colspan=\"2\" class=\"abcCellBorderBottom abcCellBorderLeft abcDayNumber\">\n\t\t\t\t\t<span class=\"abcDayName\">Fr.<\/span><br\/>\n\t\t\t\t\t1<br\/><\/th><th colspan=\"2\" class=\"abcCellBorderBottom abcCellBorderLeft abcDayNumber abcDayWeekend\">\n\t\t\t\t\t<span class=\"abcDayName\">Sa.<\/span><br\/>\n\t\t\t\t\t2<br\/><\/th><th colspan=\"2\" class=\"abcCellBorderBottom abcCellBorderLeft abcDayNumber abcDayWeekend\">\n\t\t\t\t\t<span class=\"abcDayName\">So.<\/span><br\/>\n\t\t\t\t\t3<br\/><\/th><th colspan=\"2\" class=\"abcCellBorderBottom abcCellBorderLeft abcDayNumber\">\n\t\t\t\t\t<span class=\"abcDayName\">Mo.<\/span><br\/>\n\t\t\t\t\t4<br\/><\/th><th colspan=\"2\" class=\"abcCellBorderBottom abcCellBorderLeft abcDayNumber\">\n\t\t\t\t\t<span class=\"abcDayName\">Di.<\/span><br\/>\n\t\t\t\t\t5<br\/><\/th><th colspan=\"2\" class=\"abcCellBorderBottom abcCellBorderLeft abcDayNumber\">\n\t\t\t\t\t<span class=\"abcDayName\">Mi.<\/span><br\/>\n\t\t\t\t\t6<br\/><\/th><th colspan=\"2\" class=\"abcCellBorderBottom abcCellBorderLeft abcDayNumber\">\n\t\t\t\t\t<span class=\"abcDayName\">Do.<\/span><br\/>\n\t\t\t\t\t7<br\/><\/th><th colspan=\"2\" class=\"abcCellBorderBottom abcCellBorderLeft abcDayNumber\">\n\t\t\t\t\t<span class=\"abcDayName\">Fr.<\/span><br\/>\n\t\t\t\t\t8<br\/><\/th><th colspan=\"2\" class=\"abcCellBorderBottom abcCellBorderLeft abcDayNumber abcDayWeekend\">\n\t\t\t\t\t<span class=\"abcDayName\">Sa.<\/span><br\/>\n\t\t\t\t\t9<br\/><\/th><th colspan=\"2\" class=\"abcCellBorderBottom abcCellBorderLeft abcDayNumber abcDayWeekend\">\n\t\t\t\t\t<span class=\"abcDayName\">So.<\/span><br\/>\n\t\t\t\t\t10<br\/><\/th><th colspan=\"2\" class=\"abcCellBorderBottom abcCellBorderLeft abcDayNumber\">\n\t\t\t\t\t<span class=\"abcDayName\">Mo.<\/span><br\/>\n\t\t\t\t\t11<br\/><\/th><th colspan=\"2\" class=\"abcCellBorderBottom abcCellBorderLeft abcDayNumber\">\n\t\t\t\t\t<span class=\"abcDayName\">Di.<\/span><br\/>\n\t\t\t\t\t12<br\/><\/th><th colspan=\"2\" class=\"abcCellBorderBottom abcCellBorderLeft abcDayNumber\">\n\t\t\t\t\t<span class=\"abcDayName\">Mi.<\/span><br\/>\n\t\t\t\t\t13<br\/><\/th><th colspan=\"2\" class=\"abcCellBorderBottom abcCellBorderLeft abcDayNumber\">\n\t\t\t\t\t<span class=\"abcDayName\">Do.<\/span><br\/>\n\t\t\t\t\t14<br\/><\/th><th colspan=\"2\" class=\"abcCellBorderBottom abcCellBorderLeft abcDayNumber\">\n\t\t\t\t\t<span class=\"abcDayName\">Fr.<\/span><br\/>\n\t\t\t\t\t15<br\/><\/th><th colspan=\"2\" class=\"abcCellBorderBottom abcCellBorderLeft abcDayNumber abcDayWeekend\">\n\t\t\t\t\t<span class=\"abcDayName\">Sa.<\/span><br\/>\n\t\t\t\t\t16<br\/><\/th><th colspan=\"2\" class=\"abcCellBorderBottom abcCellBorderLeft abcDayNumber abcDayWeekend\">\n\t\t\t\t\t<span class=\"abcDayName\">So.<\/span><br\/>\n\t\t\t\t\t17<br\/><\/th><th colspan=\"2\" class=\"abcCellBorderBottom abcCellBorderLeft abcDayNumber\">\n\t\t\t\t\t<span class=\"abcDayName\">Mo.<\/span><br\/>\n\t\t\t\t\t18<br\/><\/th><th colspan=\"2\" class=\"abcCellBorderBottom abcCellBorderLeft abcDayNumber\">\n\t\t\t\t\t<span class=\"abcDayName\">Di.<\/span><br\/>\n\t\t\t\t\t19<br\/><\/th><th colspan=\"2\" class=\"abcCellBorderBottom abcCellBorderLeft abcDayNumber\">\n\t\t\t\t\t<span class=\"abcDayName\">Mi.<\/span><br\/>\n\t\t\t\t\t20<br\/><\/th><th colspan=\"2\" class=\"abcCellBorderBottom abcCellBorderLeft abcDayNumber\">\n\t\t\t\t\t<span class=\"abcDayName\">Do.<\/span><br\/>\n\t\t\t\t\t21<br\/><\/th><th colspan=\"2\" class=\"abcCellBorderBottom abcCellBorderLeft abcDayNumber\">\n\t\t\t\t\t<span class=\"abcDayName\">Fr.<\/span><br\/>\n\t\t\t\t\t22<br\/><\/th><th colspan=\"2\" class=\"abcCellBorderBottom abcCellBorderLeft abcDayNumber abcDayWeekend\">\n\t\t\t\t\t<span class=\"abcDayName\">Sa.<\/span><br\/>\n\t\t\t\t\t23<br\/><\/th><th colspan=\"2\" class=\"abcCellBorderBottom abcCellBorderLeft abcDayNumber abcDayWeekend\">\n\t\t\t\t\t<span class=\"abcDayName\">So.<\/span><br\/>\n\t\t\t\t\t24<br\/><\/th><th colspan=\"2\" class=\"abcCellBorderBottom abcCellBorderLeft abcDayNumber\">\n\t\t\t\t\t<span class=\"abcDayName\">Mo.<\/span><br\/>\n\t\t\t\t\t25<br\/><\/th><th colspan=\"2\" class=\"abcCellBorderBottom abcCellBorderLeft abcDayNumber\">\n\t\t\t\t\t<span class=\"abcDayName\">Di.<\/span><br\/>\n\t\t\t\t\t26<br\/><\/th><th colspan=\"2\" class=\"abcCellBorderBottom abcCellBorderLeft abcDayNumber\">\n\t\t\t\t\t<span class=\"abcDayName\">Mi.<\/span><br\/>\n\t\t\t\t\t27<br\/><\/th><th colspan=\"2\" class=\"abcCellBorderBottom abcCellBorderLeft abcDayNumber\">\n\t\t\t\t\t<span class=\"abcDayName\">Do.<\/span><br\/>\n\t\t\t\t\t28<br\/><\/th><th colspan=\"2\" class=\"abcCellBorderBottom abcCellBorderLeft abcDayNumber\">\n\t\t\t\t\t<span class=\"abcDayName\">Fr.<\/span><br\/>\n\t\t\t\t\t29<br\/><\/th><th colspan=\"2\" class=\"abcCellBorderBottom abcCellBorderLeft abcDayNumber abcDayWeekend\">\n\t\t\t\t\t<span class=\"abcDayName\">Sa.<\/span><br\/>\n\t\t\t\t\t30<br\/><\/th><th colspan=\"2\" class=\"abcCellBorderBottom abcCellBorderLeft abcDayNumber abcDayWeekend\">\n\t\t\t\t\t<span class=\"abcDayName\">So.<\/span><br\/>\n\t\t\t\t\t31<br\/><\/th>\t\t<\/tr>\n\t\t\t\t<\/thead>\n\t\t\t\t<tbody><tr>\n\t\t\t\t\t<td data-uk-tooltip=\"{pos:'right'}\" title=\"\" class=\"abcCalendarName\">Senklerhof<\/td><td class=\" abcDayBooked abcCellBorderLeft\" title=\"Ausgebucht\">&nbsp;<\/td><td class=\" abcDayBooked\" title=\"Ausgebucht\">&nbsp;<\/td><td class=\" abcDayBooked abcCellBorderLeft\" title=\"Ausgebucht\">&nbsp;<\/td><td class=\" abcDayBooked\" title=\"Ausgebucht\">&nbsp;<\/td><td class=\" abcDayBooked abcCellBorderLeft\" title=\"Ausgebucht\">&nbsp;<\/td><td class=\" abcDayAvail\" title=\"Verf\u00fcgbar\">&nbsp;<\/td><td class=\" abcDayAvail abcCellBorderLeft\" title=\"Verf\u00fcgbar\">&nbsp;<\/td><td class=\" abcDayAvail\" title=\"Verf\u00fcgbar\">&nbsp;<\/td><td class=\" abcDayAvail abcCellBorderLeft\" title=\"Verf\u00fcgbar\">&nbsp;<\/td><td class=\" abcDayAvail\" title=\"Verf\u00fcgbar\">&nbsp;<\/td><td class=\" abcDayAvail abcCellBorderLeft\" title=\"Verf\u00fcgbar\">&nbsp;<\/td><td class=\" abcDayAvail\" title=\"Verf\u00fcgbar\">&nbsp;<\/td><td class=\" abcDayAvail abcCellBorderLeft\" title=\"Verf\u00fcgbar\">&nbsp;<\/td><td class=\" abcDayAvail\" title=\"Verf\u00fcgbar\">&nbsp;<\/td><td class=\" abcDayAvail abcCellBorderLeft\" title=\"Verf\u00fcgbar\">&nbsp;<\/td><td class=\" abcDayBooked\" title=\"Ausgebucht\">&nbsp;<\/td><td class=\" abcDayBooked abcCellBorderLeft\" title=\"Ausgebucht\">&nbsp;<\/td><td class=\" abcDayBooked\" title=\"Ausgebucht\">&nbsp;<\/td><td class=\" abcDayBooked abcCellBorderLeft\" title=\"Ausgebucht\">&nbsp;<\/td><td class=\" abcDayAvail\" title=\"Verf\u00fcgbar\">&nbsp;<\/td><td class=\" abcDayAvail abcCellBorderLeft\" title=\"Verf\u00fcgbar\">&nbsp;<\/td><td class=\" abcDayBooked\" title=\"Ausgebucht\">&nbsp;<\/td><td class=\" abcDayBooked abcCellBorderLeft\" title=\"Ausgebucht\">&nbsp;<\/td><td class=\" abcDayBooked\" title=\"Ausgebucht\">&nbsp;<\/td><td class=\" abcDayBooked abcCellBorderLeft\" title=\"Ausgebucht\">&nbsp;<\/td><td class=\" abcDayAvail\" title=\"Verf\u00fcgbar\">&nbsp;<\/td><td class=\" abcDayAvail abcCellBorderLeft\" title=\"Verf\u00fcgbar\">&nbsp;<\/td><td class=\" abcDayBooked\" title=\"Ausgebucht\">&nbsp;<\/td><td class=\" abcDayBooked abcCellBorderLeft\" title=\"Ausgebucht\">&nbsp;<\/td><td class=\" abcDayBooked\" title=\"Ausgebucht\">&nbsp;<\/td><td class=\" abcDayBooked abcCellBorderLeft\" title=\"Ausgebucht\">&nbsp;<\/td><td class=\" abcDayBooked\" title=\"Ausgebucht\">&nbsp;<\/td><td class=\" abcDayBooked abcCellBorderLeft\" title=\"Ausgebucht\">&nbsp;<\/td><td class=\" abcDayAvail\" title=\"Verf\u00fcgbar\">&nbsp;<\/td><td class=\" abcDayAvail abcCellBorderLeft\" title=\"Verf\u00fcgbar\">&nbsp;<\/td><td class=\" abcDayBooked\" title=\"Ausgebucht\">&nbsp;<\/td><td class=\" abcDayBooked abcCellBorderLeft\" title=\"Ausgebucht\">&nbsp;<\/td><td class=\" abcDayBooked\" title=\"Ausgebucht\">&nbsp;<\/td><td class=\" abcDayBooked abcCellBorderLeft\" title=\"Ausgebucht\">&nbsp;<\/td><td class=\" abcDayBooked\" title=\"Ausgebucht\">&nbsp;<\/td><td class=\" abcDayBooked abcCellBorderLeft\" title=\"Ausgebucht\">&nbsp;<\/td><td class=\" abcDayBooked\" title=\"Ausgebucht\">&nbsp;<\/td><td class=\" abcDayBooked abcCellBorderLeft\" title=\"Ausgebucht\">&nbsp;<\/td><td class=\" abcDayBooked\" title=\"Ausgebucht\">&nbsp;<\/td><td class=\" abcDayBooked abcCellBorderLeft\" title=\"Ausgebucht\">&nbsp;<\/td><td class=\" abcDayBooked\" title=\"Ausgebucht\">&nbsp;<\/td><td class=\" abcDayBooked abcCellBorderLeft\" title=\"Ausgebucht\">&nbsp;<\/td><td class=\" abcDayAvail\" title=\"Verf\u00fcgbar\">&nbsp;<\/td><td class=\" abcDayAvail abcCellBorderLeft\" title=\"Verf\u00fcgbar\">&nbsp;<\/td><td class=\" abcDayAvail\" title=\"Verf\u00fcgbar\">&nbsp;<\/td><td class=\" abcDayAvail abcCellBorderLeft\" title=\"Verf\u00fcgbar\">&nbsp;<\/td><td class=\" abcDayAvail\" title=\"Verf\u00fcgbar\">&nbsp;<\/td><td class=\" abcDayAvail abcCellBorderLeft\" title=\"Verf\u00fcgbar\">&nbsp;<\/td><td class=\" abcDayAvail\" title=\"Verf\u00fcgbar\">&nbsp;<\/td><td class=\" abcDayAvail abcCellBorderLeft\" title=\"Verf\u00fcgbar\">&nbsp;<\/td><td class=\" abcDayAvail\" title=\"Verf\u00fcgbar\">&nbsp;<\/td><td class=\" abcDayAvail abcCellBorderLeft\" title=\"Verf\u00fcgbar\">&nbsp;<\/td><td class=\" abcDayBooked\" title=\"Ausgebucht\">&nbsp;<\/td><td class=\" abcDayBooked abcCellBorderLeft\" title=\"Ausgebucht\">&nbsp;<\/td><td class=\" abcDayBooked\" title=\"Ausgebucht\">&nbsp;<\/td><td class=\" abcDayBooked abcCellBorderLeft\" title=\"Ausgebucht\">&nbsp;<\/td><td class=\" abcDayAvail\" title=\"Verf\u00fcgbar\">&nbsp;<\/td><\/tr><\/tbody>\n\t\t\t<\/table>\n\t\t<\/div>\n\t\t<\/div><!-- End Advanced Booking Calendar WordPress plugin: https:\/\/www.booking-calendar-plugin.com -->\n<p><strong><span style=\"color: #ff6600;\">Orange<\/span><\/strong> &#8211; Der Senklerhof ist leider schon belegt.<\/p>\n<p><strong><span style=\"color: #339966;\">Gr\u00fcn<\/span><\/strong> &#8211; Der Senklerhof kann angefragt werden.<\/p>\n<p><strong>Hinweis: <\/strong>Ab Juni des aktuellen Jahres k\u00f6nnen Interessenten Belegungsanfragen f\u00fcr das Folgejahr senden. Es empfiehlt sich, fr\u00fchzeitig anzufragen. Der Belegungsplan f\u00fcr das Folgejahr wird erst im Oktober des aktuellen Jahres freigeschaltet.<\/p>\n<hr>\n<p>Die Seminar- und Tagungsst\u00e4tte Senklerhof dient der Jugend- und Erwachsenenbildung. Das Haus steht f\u00fcr die Durchf\u00fchrung solcher Bildungsma\u00dfnahmen allen zur Verf\u00fcgung. Die Veranstaltungen auf dem Senklerhof m\u00fcssen deshalb im weiten Sinn der Bildung dienen. Bitte geben Sie das Thema der Veranstaltung bei Ihrer Anfrage an.<\/p>\n<p>F\u00fcr alle Fragen zur Belegung und zum Aufenthalt auf dem Senklerhof wenden Sie sich bitte an:<\/p>\n<p>Birgit Franz <a href=\"mailto:birgit.franz@senklerhof.de\">birgit.franz@senklerhof.de<\/a> oder senden Sie uns eine Reservierungsanfrage.<\/p>\n<div class=\"wpforms-container wpforms-container-full\" id=\"wpforms-429\"><form id=\"wpforms-form-429\" class=\"wpforms-validate wpforms-form\" data-formid=\"429\" method=\"post\" enctype=\"multipart\/form-data\" action=\"\/index.php\/wp-json\/wp\/v2\/pages\/143\" data-token=\"13872fc61c17fb5485d494b3edfe3a78\" data-token-time=\"1777815634\"><noscript class=\"wpforms-error-noscript\">Bitte aktiviere JavaScript in deinem Browser, um dieses Formular fertigzustellen.<\/noscript><div class=\"wpforms-field-container\"><div id=\"wpforms-429-field_0-container\" class=\"wpforms-field wpforms-field-name\" data-field-id=\"0\"><label class=\"wpforms-field-label\">Name <span class=\"wpforms-required-label\">*<\/span><\/label><div class=\"wpforms-field-row wpforms-field-medium\"><div class=\"wpforms-field-row-block wpforms-first wpforms-one-half\"><input type=\"text\" id=\"wpforms-429-field_0\" class=\"wpforms-field-name-first wpforms-field-required\" name=\"wpforms[fields][0][first]\" required><label for=\"wpforms-429-field_0\" class=\"wpforms-field-sublabel after\">Vorname<\/label><\/div><div class=\"wpforms-field-row-block wpforms-one-half\"><input type=\"text\" id=\"wpforms-429-field_0-last\" class=\"wpforms-field-name-last wpforms-field-required\" name=\"wpforms[fields][0][last]\" required><label for=\"wpforms-429-field_0-last\" class=\"wpforms-field-sublabel after\">Nachname<\/label><\/div><\/div><\/div><div id=\"wpforms-429-field_1-container\" class=\"wpforms-field wpforms-field-email\" data-field-id=\"1\"><label class=\"wpforms-field-label\" for=\"wpforms-429-field_1\">E-Mail-Adresse <span class=\"wpforms-required-label\">*<\/span><\/label><input type=\"email\" id=\"wpforms-429-field_1\" class=\"wpforms-field-medium wpforms-field-required\" name=\"wpforms[fields][1]\" spellcheck=\"false\" required><\/div><div id=\"wpforms-429-field_3-container\" class=\"wpforms-field wpforms-field-text\" data-field-id=\"3\"><label class=\"wpforms-field-label\" for=\"wpforms-429-field_3\">Thema der Veranstaltung <span class=\"wpforms-required-label\">*<\/span><\/label><input type=\"text\" id=\"wpforms-429-field_3\" class=\"wpforms-field-medium wpforms-field-required\" name=\"wpforms[fields][3]\" required><\/div><div id=\"wpforms-429-field_2-container\" class=\"wpforms-field wpforms-field-textarea\" data-field-id=\"2\"><label class=\"wpforms-field-label\" for=\"wpforms-429-field_2\">Kommentar oder Nachricht<\/label><textarea id=\"wpforms-429-field_2\" class=\"wpforms-field-medium\" name=\"wpforms[fields][2]\" ><\/textarea><\/div><div id=\"wpforms-429-field_4-container\" class=\"wpforms-field wpforms-field-gdpr-checkbox\" data-field-id=\"4\"><label class=\"wpforms-field-label\">DSGVO-Einverst\u00e4ndnis <span class=\"wpforms-required-label\">*<\/span><\/label><ul id=\"wpforms-429-field_4\" class=\"wpforms-field-required\"><li class=\"choice-1\"><input type=\"checkbox\" id=\"wpforms-429-field_4_1\" name=\"wpforms[fields][4][]\" value=\"Ich willige ein, dass diese Website meine \u00fcbermittelten Informationen speichert, sodass meine Anfrage beantwortet werden kann.\" required ><label class=\"wpforms-field-label-inline\" for=\"wpforms-429-field_4_1\">Ich willige ein, dass diese Website meine \u00fcbermittelten Informationen speichert, sodass meine Anfrage beantwortet werden kann.<\/label><\/li><\/ul><\/div><\/div><!-- .wpforms-field-container --><div class=\"wpforms-field wpforms-field-hp\"><label for=\"wpforms-429-field-hp\" class=\"wpforms-field-label\">Email<\/label><input type=\"text\" name=\"wpforms[hp]\" id=\"wpforms-429-field-hp\" class=\"wpforms-field-medium\"><\/div><div class=\"wpforms-submit-container\" ><input type=\"hidden\" name=\"wpforms[id]\" value=\"429\"><input type=\"hidden\" name=\"page_title\" value=\"\"><input type=\"hidden\" name=\"page_url\" value=\"https:\/\/www.senklerhof.de\/index.php\/wp-json\/wp\/v2\/pages\/143\"><input type=\"hidden\" name=\"url_referer\" value=\"\"><button type=\"submit\" name=\"wpforms[submit]\" id=\"wpforms-submit-429\" class=\"wpforms-submit\" data-alt-text=\"Sende...\" data-submit-text=\"Senden\" aria-live=\"assertive\" value=\"wpforms-submit\">Senden<\/button><\/div><\/form><\/div>  <!-- .wpforms-container -->\n","protected":false},"excerpt":{"rendered":"<p>Aktuelle Belegung des Hauses Orange &#8211; Der Senklerhof ist leider schon belegt. Gr\u00fcn &#8211; Der Senklerhof kann angefragt werden. Hinweis: Ab Juni des aktuellen Jahres k\u00f6nnen Interessenten Belegungsanfragen f\u00fcr das Folgejahr senden. Es empfiehlt sich, fr\u00fchzeitig anzufragen. Der Belegungsplan f\u00fcr das Folgejahr wird erst im<a class=\"read-more\" href=\"https:\/\/www.senklerhof.de\/index.php\/belegung\/\">Weiterlesen<\/a><\/p>\n","protected":false},"author":1,"featured_media":0,"parent":0,"menu_order":0,"comment_status":"closed","ping_status":"closed","template":"","meta":{"ngg_post_thumbnail":0,"footnotes":""},"class_list":["post-143","page","type-page","status-publish","hentry"],"_links":{"self":[{"href":"https:\/\/www.senklerhof.de\/index.php\/wp-json\/wp\/v2\/pages\/143","targetHints":{"allow":["GET"]}}],"collection":[{"href":"https:\/\/www.senklerhof.de\/index.php\/wp-json\/wp\/v2\/pages"}],"about":[{"href":"https:\/\/www.senklerhof.de\/index.php\/wp-json\/wp\/v2\/types\/page"}],"author":[{"embeddable":true,"href":"https:\/\/www.senklerhof.de\/index.php\/wp-json\/wp\/v2\/users\/1"}],"replies":[{"embeddable":true,"href":"https:\/\/www.senklerhof.de\/index.php\/wp-json\/wp\/v2\/comments?post=143"}],"version-history":[{"count":84,"href":"https:\/\/www.senklerhof.de\/index.php\/wp-json\/wp\/v2\/pages\/143\/revisions"}],"predecessor-version":[{"id":2700,"href":"https:\/\/www.senklerhof.de\/index.php\/wp-json\/wp\/v2\/pages\/143\/revisions\/2700"}],"wp:attachment":[{"href":"https:\/\/www.senklerhof.de\/index.php\/wp-json\/wp\/v2\/media?parent=143"}],"curies":[{"name":"wp","href":"https:\/\/api.w.org\/{rel}","templated":true}]}}