{"id":1780,"date":"2021-07-04T17:47:05","date_gmt":"2021-07-04T16:47:05","guid":{"rendered":"https:\/\/www.senklerhof.de\/?page_id=1780"},"modified":"2021-07-13T06:00:07","modified_gmt":"2021-07-13T05:00:07","slug":"trinkwasserversorgung","status":"publish","type":"page","link":"https:\/\/www.senklerhof.de\/index.php\/trinkwasserversorgung\/","title":{"rendered":"Trinkwasserversorgung"},"content":{"rendered":"<p style=\"text-align: left;\">Da auf dem Senklerhof kein Anschluss an das \u00f6ffentliche Trinkwassernetz besteht, wird die Wasserversorgung des Senklerhofes \u00fcber eine eigene Quelle sichergestellt. Die Quelle befindet sich oberhalb des Senklerhofes. Dort wird das an dieser Stelle austretende Grundwasser \u00fcber eine Quellenfassung wie schematische dargestellt gesammelt.&nbsp;<\/p>\n<p>&nbsp;<\/p>\n<p><img loading=\"lazy\" decoding=\"async\" class=\"aligncenter wp-image-1782\" src=\"https:\/\/www.senklerhof.de\/wp-content\/uploads\/2021\/06\/quellwasserfassung.jpg\" alt=\"\" width=\"600\" height=\"454\" srcset=\"https:\/\/www.senklerhof.de\/wp-content\/uploads\/2021\/06\/quellwasserfassung.jpg 800w, https:\/\/www.senklerhof.de\/wp-content\/uploads\/2021\/06\/quellwasserfassung-300x227.jpg 300w, https:\/\/www.senklerhof.de\/wp-content\/uploads\/2021\/06\/quellwasserfassung-768x581.jpg 768w, https:\/\/www.senklerhof.de\/wp-content\/uploads\/2021\/06\/quellwasserfassung-520x393.jpg 520w, https:\/\/www.senklerhof.de\/wp-content\/uploads\/2021\/06\/quellwasserfassung-740x560.jpg 740w\" sizes=\"auto, (max-width: 600px) 100vw, 600px\" \/><\/p>\n<p>Die Quellenfassung beinhaltet ein Reservoir von ca. 2,5 Kubikmeter Gr\u00f6\u00dfe und kann somit mehr als 2000 l Trinkwasser, zur Trinkwasserversorgung des Senklerhofes, vorhalten. Im Keller des Senklerhofes wird \u00fcber eine Druckerh\u00f6hungspumpe der Wasserdruck auf ca. 3 bar erh\u00f6ht und mit Hilfe eines elektrischen Boilers erw\u00e4rmt. Somit ist eine \u00fcbliche Wasserentnahme m\u00f6glich und in gewohnter Weise nutzbar.<\/p>\n<p>Das Trinkwasser wird von einem akkreditierten Pr\u00fcflabor in regelm\u00e4\u00dfigen Abst\u00e4nden untersucht und auf seine Eignung als Trinkwasser getestet. Ein Hauptaugenmerkt liegt nat\u00fcrlich darauf inwieweit das Trinkwasser durch Kolibakterien wie z.B. E.coli aber auch durch Enterokokken oder Coliforme belastet ist. Die gemessenen Grenzwerte liegen immer deutlich unter den strengen Grenzwerten der Trinkwasserversorgung und das Gesundheitsamt wird regelm\u00e4\u00dfig \u00fcber die Befunde des Labors informiert. Somit ist das Wasser auf dem Senklerhof erfreulicherweise uneingeschr\u00e4nkt genie\u00df- und nutzbar.&nbsp;<\/p>\n","protected":false},"excerpt":{"rendered":"<p>Da auf dem Senklerhof kein Anschluss an das \u00f6ffentliche Trinkwassernetz besteht, wird die Wasserversorgung des Senklerhofes \u00fcber eine eigene Quelle sichergestellt. Die Quelle befindet sich oberhalb des Senklerhofes. Dort wird das an dieser Stelle austretende Grundwasser \u00fcber eine Quellenfassung wie schematische dargestellt gesammelt.&nbsp; &nbsp; Die<a class=\"read-more\" href=\"https:\/\/www.senklerhof.de\/index.php\/trinkwasserversorgung\/\">Weiterlesen<\/a><\/p>\n","protected":false},"author":1,"featured_media":0,"parent":0,"menu_order":0,"comment_status":"closed","ping_status":"closed","template":"","meta":{"ngg_post_thumbnail":0,"footnotes":""},"class_list":["post-1780","page","type-page","status-publish","hentry"],"_links":{"self":[{"href":"https:\/\/www.senklerhof.de\/index.php\/wp-json\/wp\/v2\/pages\/1780","targetHints":{"allow":["GET"]}}],"collection":[{"href":"https:\/\/www.senklerhof.de\/index.php\/wp-json\/wp\/v2\/pages"}],"about":[{"href":"https:\/\/www.senklerhof.de\/index.php\/wp-json\/wp\/v2\/types\/page"}],"author":[{"embeddable":true,"href":"https:\/\/www.senklerhof.de\/index.php\/wp-json\/wp\/v2\/users\/1"}],"replies":[{"embeddable":true,"href":"https:\/\/www.senklerhof.de\/index.php\/wp-json\/wp\/v2\/comments?post=1780"}],"version-history":[{"count":22,"href":"https:\/\/www.senklerhof.de\/index.php\/wp-json\/wp\/v2\/pages\/1780\/revisions"}],"predecessor-version":[{"id":1898,"href":"https:\/\/www.senklerhof.de\/index.php\/wp-json\/wp\/v2\/pages\/1780\/revisions\/1898"}],"wp:attachment":[{"href":"https:\/\/www.senklerhof.de\/index.php\/wp-json\/wp\/v2\/media?parent=1780"}],"curies":[{"name":"wp","href":"https:\/\/api.w.org\/{rel}","templated":true}]}}