{"id":1848,"date":"2021-07-04T17:46:53","date_gmt":"2021-07-04T16:46:53","guid":{"rendered":"https:\/\/www.senklerhof.de\/?page_id=1848"},"modified":"2021-07-06T12:38:29","modified_gmt":"2021-07-06T11:38:29","slug":"technik","status":"publish","type":"page","link":"https:\/\/www.senklerhof.de\/index.php\/technik\/","title":{"rendered":"Infrastruktur"},"content":{"rendered":"<p>Da der Senklerhof etwas abgeschieden im Wald liegt ist die technische Infrastruktur, wie wir es gewohnt sind, nicht gegeben. Vielen Besucher f\u00e4llt sehr schnell auf, dass die Nutzung eines Mobiltelefons z.B. nur sehr eingeschr\u00e4nkt m\u00f6glich ist und nicht durchgehend ein Empfang gegeben ist.<\/p>\n<h3>Telefon<\/h3>\n<p>Der Senklerhof verf\u00fcgt \u00fcber einen Festnetzanschluss der Telekom. Da die notwendige Leitung \u00fcber mehrere hundert Meter durch den Wald gef\u00fchrt wird kommt es aber immer wieder vor, dass die Leitung durch Wind- oder Schneebruch besch\u00e4digt wird. Somit ist nicht gew\u00e4hrleistet, dass der Senklerhof zur jeder Zeit telefonisch erreichbar ist.<\/p>\n<h3>Strom<\/h3>\n<p>Auch bei der Stromversorgung kommt eine Freileitung zum Einsatz, die \u00fcber mehrere hundert Meter durch den Wald gef\u00fchrt wird. Zum Gl\u00fcck gab es noch nie gr\u00f6\u00dfere Besch\u00e4digungen der Leitungsf\u00fchrung bzw. der Masten. Somit war die Stromversorgung des Senklerhofes bis jetzt immer gew\u00e4hrleistet. Die Freileitung wird durch <a href=\"https:\/\/www.netze-bw.de\/netzanschluss\/strom\" target=\"_blank\" rel=\"noopener\">Netze BW<\/a> betreut und von Bewuchs freigehalten. Die <a href=\"https:\/\/www.ews-schoenau.de\/\" target=\"_blank\" rel=\"noopener\">Elektrizit\u00e4tswerke Sch\u00f6nau<\/a> versorgen den Senklerhof mit klimaschonenden \u00d6kostrom aus 100% Erneuerbaren Energien.<\/p>\n<p><img loading=\"lazy\" decoding=\"async\" class=\"alignnone size-medium wp-image-1819\" src=\"https:\/\/www.senklerhof.de\/wp-content\/uploads\/2021\/07\/Elektrizitaeswerke-Schoenau-Oekostrom-Zertifikat-208x300.png\" alt=\"\" width=\"208\" height=\"300\" srcset=\"https:\/\/www.senklerhof.de\/wp-content\/uploads\/2021\/07\/Elektrizitaeswerke-Schoenau-Oekostrom-Zertifikat-208x300.png 208w, https:\/\/www.senklerhof.de\/wp-content\/uploads\/2021\/07\/Elektrizitaeswerke-Schoenau-Oekostrom-Zertifikat-520x750.png 520w, https:\/\/www.senklerhof.de\/wp-content\/uploads\/2021\/07\/Elektrizitaeswerke-Schoenau-Oekostrom-Zertifikat.png 572w\" sizes=\"auto, (max-width: 208px) 100vw, 208px\" \/><\/p>\n<p><a href=\"https:\/\/www.senklerhof.de\/wp-content\/uploads\/2021\/07\/Senklerhof-O\u0308kostrom-Zertifikat.pdf\" target=\"_blank\" rel=\"noopener\">Senklerhof &#8211; O\u0308kostrom Zertifikat<\/a><\/p>\n<h3>Heizung<\/h3>\n<p>Geheizt auf dem Senklerhof wird mit zwei Kachel\u00f6fen. Die \u00d6fen werden in regelm\u00e4\u00dfigen Abst\u00e4nden gewartet um eine m\u00f6glichst wirtschaftliche und schadstoffarme Verbrennung zu Gew\u00e4hrleisten. Nur trockenes Holz kann schadstoffarm verbrennen. Daher wird das zur Verf\u00fcgung stehende Ster-Holz vor dem Senklerhof wettergesch\u00fctzt gelagert.<\/p>\n<p><img loading=\"lazy\" decoding=\"async\" class=\"alignnone size-medium wp-image-688\" src=\"https:\/\/www.senklerhof.de\/wp-content\/uploads\/2018\/10\/Holzschuppen-II-300x169.jpg\" alt=\"\" width=\"300\" height=\"169\" srcset=\"https:\/\/www.senklerhof.de\/wp-content\/uploads\/2018\/10\/Holzschuppen-II-300x169.jpg 300w, https:\/\/www.senklerhof.de\/wp-content\/uploads\/2018\/10\/Holzschuppen-II-768x432.jpg 768w, https:\/\/www.senklerhof.de\/wp-content\/uploads\/2018\/10\/Holzschuppen-II-1024x576.jpg 1024w, https:\/\/www.senklerhof.de\/wp-content\/uploads\/2018\/10\/Holzschuppen-II-520x293.jpg 520w, https:\/\/www.senklerhof.de\/wp-content\/uploads\/2018\/10\/Holzschuppen-II-740x416.jpg 740w\" sizes=\"auto, (max-width: 300px) 100vw, 300px\" \/><\/p>\n<h3>Trink und Abwasser<\/h3>\n<p>Auf Grund der Lage des Senklerhofes besteht kein Anschluss an das \u00f6ffentliche Trink- bzw. Abwassernetz. Daher besitz der Senklerhof eine eigene Trinkwasserquelle und ein Kleinkl\u00e4ranlage zur Abwasserreinigung. N\u00e4here Informationen entnehmen Sie bitte den Seiten zur Trinkwasserversorgung und Abwasserreinigung.<\/p>\n<p>&nbsp;<\/p>\n","protected":false},"excerpt":{"rendered":"<p>Da der Senklerhof etwas abgeschieden im Wald liegt ist die technische Infrastruktur, wie wir es gewohnt sind, nicht gegeben. Vielen Besucher f\u00e4llt sehr schnell auf, dass die Nutzung eines Mobiltelefons z.B. nur sehr eingeschr\u00e4nkt m\u00f6glich ist und nicht durchgehend ein Empfang gegeben ist. Telefon Der<a class=\"read-more\" href=\"https:\/\/www.senklerhof.de\/index.php\/technik\/\">Weiterlesen<\/a><\/p>\n","protected":false},"author":2,"featured_media":0,"parent":0,"menu_order":0,"comment_status":"closed","ping_status":"closed","template":"","meta":{"ngg_post_thumbnail":0,"footnotes":""},"class_list":["post-1848","page","type-page","status-publish","hentry"],"_links":{"self":[{"href":"https:\/\/www.senklerhof.de\/index.php\/wp-json\/wp\/v2\/pages\/1848","targetHints":{"allow":["GET"]}}],"collection":[{"href":"https:\/\/www.senklerhof.de\/index.php\/wp-json\/wp\/v2\/pages"}],"about":[{"href":"https:\/\/www.senklerhof.de\/index.php\/wp-json\/wp\/v2\/types\/page"}],"author":[{"embeddable":true,"href":"https:\/\/www.senklerhof.de\/index.php\/wp-json\/wp\/v2\/users\/2"}],"replies":[{"embeddable":true,"href":"https:\/\/www.senklerhof.de\/index.php\/wp-json\/wp\/v2\/comments?post=1848"}],"version-history":[{"count":19,"href":"https:\/\/www.senklerhof.de\/index.php\/wp-json\/wp\/v2\/pages\/1848\/revisions"}],"predecessor-version":[{"id":1884,"href":"https:\/\/www.senklerhof.de\/index.php\/wp-json\/wp\/v2\/pages\/1848\/revisions\/1884"}],"wp:attachment":[{"href":"https:\/\/www.senklerhof.de\/index.php\/wp-json\/wp\/v2\/media?parent=1848"}],"curies":[{"name":"wp","href":"https:\/\/api.w.org\/{rel}","templated":true}]}}