{"id":195,"date":"2018-02-11T18:42:38","date_gmt":"2018-02-11T18:42:38","guid":{"rendered":"http:\/\/192.168.130.227\/senklerhof\/?page_id=195"},"modified":"2018-03-29T18:03:44","modified_gmt":"2018-03-29T17:03:44","slug":"satzung","status":"publish","type":"page","link":"https:\/\/www.senklerhof.de\/index.php\/satzung\/","title":{"rendered":"Satzung"},"content":{"rendered":"<p><strong>Auszug aus der Satzung des Senklerhof e.V.:<\/strong><\/p>\n<h3>1. Allgemeines<\/h3>\n<h4>\u00a7 1<\/h4>\n<p>Der Verein tr\u00e4gt den Namen \u201cSenklerhof e.V.\u201d mit Vereinssitz Freiburg im Breisgau. Er dient ausschlie\u00dflich und unmittelbar gemeinn\u00fctzigen Zwecken im Sinne des Abschnitts \u201cSteuerbeg\u00fcnstige Zwecke\u201d der Abgabenordnung.<br \/>\nEr dient der Jugend- und Erwachsenenbildung. Sein Zweck ist insbesondere die Schulung von Jugendgruppenleitern, die politische und kulturelle Bildung junger Menschen sowie Familien und Erwachsenenbildung. Er f\u00f6rdert Arbeitstagungen und Begegnungen, auch auf internationaler Ebene, die diesem Zweck dienen.<br \/>\nDer Satzungszweck wird verwirklicht durch den Unterhalt des Hauses \u201eSenklerhof\u201d bei St. M\u00e4rgen im Schwarzwald, welches f\u00fcr die Durchf\u00fchrung o.g. Bildungsma\u00dfnahmen zur Verf\u00fcgung steht.<br \/>\nDer Verein wurde als Rechtstr\u00e4ger von der J\u00fcngerengemeinschaft des Bundes Quickborn gegr\u00fcndet. Nach dem Programm des Bundes Quickborn gestaltet sich das Leben auf dem Senklerhof.<\/p>\n<h4>\u00a7 2<\/h4>\n<p>Der Verein ist selbstlos t\u00e4tig; er verfolgt nicht in erster Linie eigenwirtschaftliche Zwecke.<br \/>\nMittel des Vereins d\u00fcrfen nur f\u00fcr die satzungsm\u00e4\u00dfigen Zwecke verwendet werden. Die Mitglieder erhalten keine Zuwendungen aus Mitteln des Vereins.<br \/>\nEs darf keine Person durch Ausgaben, die dem Zweck der K\u00f6rperschaft fremd sind oder durch unverh\u00e4ltnism\u00e4\u00dfige hohe Verg\u00fctungen beg\u00fcnstigt werden.<\/p>\n<p>&#8230;<\/p>\n<h3>2. Mitgliedschaft<\/h3>\n<p>&#8230;<\/p>\n<h4>\u00a7 7<\/h4>\n<p>Die Mitgliedschaft wird durch einen Beschlu\u00df der Mitgliederversammlung erworben. Mitglied kann jede nat\u00fcrliche Person werden. Der Vorstand kann auf schriftlichen Antrag eine vorl\u00e4ufige Mitgliedschaft erteilen. Sie gilt bis zur n\u00e4chsten Mitgliederversammlung. Alle Antr\u00e4ge auf Mitgliedschaft sind auf der n\u00e4chsten Mitgliederversammlung vorzulegen.<\/p>\n<p>&#8230;<\/p>\n","protected":false},"excerpt":{"rendered":"<p>Auszug aus der Satzung des Senklerhof e.V.: 1. Allgemeines \u00a7 1 Der Verein tr\u00e4gt den Namen \u201cSenklerhof e.V.\u201d mit Vereinssitz Freiburg im Breisgau. Er dient ausschlie\u00dflich und unmittelbar gemeinn\u00fctzigen Zwecken im Sinne des Abschnitts \u201cSteuerbeg\u00fcnstige Zwecke\u201d der Abgabenordnung. Er dient der Jugend- und Erwachsenenbildung. Sein<a class=\"read-more\" href=\"https:\/\/www.senklerhof.de\/index.php\/satzung\/\">Weiterlesen<\/a><\/p>\n","protected":false},"author":1,"featured_media":0,"parent":0,"menu_order":0,"comment_status":"closed","ping_status":"closed","template":"","meta":{"ngg_post_thumbnail":0,"footnotes":""},"class_list":["post-195","page","type-page","status-publish","hentry"],"_links":{"self":[{"href":"https:\/\/www.senklerhof.de\/index.php\/wp-json\/wp\/v2\/pages\/195","targetHints":{"allow":["GET"]}}],"collection":[{"href":"https:\/\/www.senklerhof.de\/index.php\/wp-json\/wp\/v2\/pages"}],"about":[{"href":"https:\/\/www.senklerhof.de\/index.php\/wp-json\/wp\/v2\/types\/page"}],"author":[{"embeddable":true,"href":"https:\/\/www.senklerhof.de\/index.php\/wp-json\/wp\/v2\/users\/1"}],"replies":[{"embeddable":true,"href":"https:\/\/www.senklerhof.de\/index.php\/wp-json\/wp\/v2\/comments?post=195"}],"version-history":[{"count":5,"href":"https:\/\/www.senklerhof.de\/index.php\/wp-json\/wp\/v2\/pages\/195\/revisions"}],"predecessor-version":[{"id":353,"href":"https:\/\/www.senklerhof.de\/index.php\/wp-json\/wp\/v2\/pages\/195\/revisions\/353"}],"wp:attachment":[{"href":"https:\/\/www.senklerhof.de\/index.php\/wp-json\/wp\/v2\/media?parent=195"}],"curies":[{"name":"wp","href":"https:\/\/api.w.org\/{rel}","templated":true}]}}