{"id":1966,"date":"2021-09-06T20:19:54","date_gmt":"2021-09-06T19:19:54","guid":{"rendered":"https:\/\/www.senklerhof.de\/index.php\/dachsanierung-2\/"},"modified":"2021-09-13T19:48:19","modified_gmt":"2021-09-13T18:48:19","slug":"dachsanierung-2","status":"publish","type":"page","link":"https:\/\/www.senklerhof.de\/index.php\/dachsanierung-2\/","title":{"rendered":"Baufortschritt"},"content":{"rendered":"\t\t\t<section id=\"cd-timeline\" class=\"cd-container timeline-express\">\n\n\t\t\t\n<div class=\"cd-timeline-block august 16 2021 announcement-2004\">\n\n\t\n\t\t<a class=\"cd-timeline-icon-link\" href=\"https:\/\/www.senklerhof.de\/index.php\/announcement\/dachsanierung-rueckbau-dachstaender\/\">\n\n\t\t\t\n\t\t<div class=\"cd-timeline-img cd-picture\" style=\"background:#385623;\">\n\n\t\t\t<!-- Custom Action Hook -->\n\t\t\t\n\t\t\t\t<!-- Standard Font Awesome Icon -->\n\t\t\t\t<span class=\"fa fa-home\" title=\"R\u00fcckbau des Dachst\u00e4nders.\"><\/span>\n\n\t\t\t\n\t\t<\/div> <!-- cd-timeline-img -->\n\n\t\n\t\t<\/a>\n\n\t\t\n\t<!-- Timeline Content -->\n\t<div class=\"cd-timeline-content\">\n\n\t\t\n\t\t<!-- Announcement Title -->\n\t\t<div class=\"cd-timeline-title-container\">\n\n\t\t\t\n\t\t\t<h2 class=\"cd-timeline-item-title\">\n\t\t\t\tR\u00fcckbau des Dachst\u00e4nders.\t\t\t<\/h2>\n\n\t\t\t\t\t\t\t<p class=\"timeline-date\">\n\t\t\t\t\t16.08.2021\t\t\t\t<\/p>\n\t\t\t\t\t\t<\/div>\n\t\t<!-- End Announcement Title -->\n\n\t\t<img loading=\"lazy\" decoding=\"async\" width=\"350\" height=\"120\" src=\"https:\/\/www.senklerhof.de\/wp-content\/uploads\/2021\/09\/Dachsanierung-Netzte-BW-Web-350x120.jpg\" class=\"announcement-banner-image\" alt=\"R\u00fcckbau des Dachst\u00e4nders.\" \/>\n\t\t<!-- Announcement Excerpt -->\n\t\t<div class=\"the-excerpt\">\n\t\t\t<p>Am Montag den 16.08.2021 war es dann soweit. Die ersten Arbeiten am Senklerhof erfolgten f\u00fcr die anstehende Dachsanierung. Fr\u00fch morgens traf ein Team der Netze BW auf dem Senklerhof ein um den Netzanschluss auf dem Dach zur\u00fcck zubauen und einen provisorischen Hausanschlusskasten zu erstellen. Ausgehend&#8230;<\/p>\n<a class=\"timeline-express-read-more-link\" href=\"https:\/\/www.senklerhof.de\/index.php\/announcement\/dachsanierung-rueckbau-dachstaender\/\"> Read more<\/a>\t\t<\/div>\n\t\t<!-- End Announcement Excerpt -->\n\n\t\t\n\t<\/div>\n\t<!-- End Timeline Content -->\n\n<\/div>\n<!-- End Timeline Block -->\n\n<div class=\"cd-timeline-block september 07 2021 announcement-2005\">\n\n\t\n\t\t<a class=\"cd-timeline-icon-link\" href=\"https:\/\/www.senklerhof.de\/index.php\/announcement\/dachsanierung\/\">\n\n\t\t\t\n\t\t<div class=\"cd-timeline-img cd-picture\" style=\"background:#385623;\">\n\n\t\t\t<!-- Custom Action Hook -->\n\t\t\t\n\t\t\t\t<!-- Standard Font Awesome Icon -->\n\t\t\t\t<span class=\"fa fa-home\" title=\"Aufbau des Ger\u00fcsts.\"><\/span>\n\n\t\t\t\n\t\t<\/div> <!-- cd-timeline-img -->\n\n\t\n\t\t<\/a>\n\n\t\t\n\t<!-- Timeline Content -->\n\t<div class=\"cd-timeline-content\">\n\n\t\t\n\t\t<!-- Announcement Title -->\n\t\t<div class=\"cd-timeline-title-container\">\n\n\t\t\t\n\t\t\t<h2 class=\"cd-timeline-item-title\">\n\t\t\t\tAufbau des Ger\u00fcsts.\t\t\t<\/h2>\n\n\t\t\t\t\t\t\t<p class=\"timeline-date\">\n\t\t\t\t\t07.09.2021\t\t\t\t<\/p>\n\t\t\t\t\t\t<\/div>\n\t\t<!-- End Announcement Title -->\n\n\t\t<img loading=\"lazy\" decoding=\"async\" width=\"350\" height=\"120\" src=\"https:\/\/www.senklerhof.de\/wp-content\/uploads\/2021\/09\/Dachsanierung-Aufstellung-Geruest-Web-350x120.jpg\" class=\"announcement-banner-image\" alt=\"Aufbau des Ger\u00fcsts.\" \/>\n\t\t<!-- Announcement Excerpt -->\n\t\t<div class=\"the-excerpt\">\n\t\t\t<p>Als n\u00e4chster Schritt folgte die Einr\u00fcstung des Senklerhofes. Am Dienstag den 07. September wurde das Ger\u00fcst mit Absturzsicherung aufgebaut. Somit ist die Sicherheit der Zimmerleute und der Helfer gew\u00e4hrleistet. &nbsp;&nbsp;<\/p>\n<a class=\"timeline-express-read-more-link\" href=\"https:\/\/www.senklerhof.de\/index.php\/announcement\/dachsanierung\/\"> Read more<\/a>\t\t<\/div>\n\t\t<!-- End Announcement Excerpt -->\n\n\t\t\n\t<\/div>\n\t<!-- End Timeline Content -->\n\n<\/div>\n<!-- End Timeline Block -->\n\n<div class=\"cd-timeline-block september 14 2021 announcement-2027\">\n\n\t\n\t\t<a class=\"cd-timeline-icon-link\" href=\"https:\/\/www.senklerhof.de\/index.php\/announcement\/rueckbau-dachstuhl\/\">\n\n\t\t\t\n\t\t<div class=\"cd-timeline-img cd-picture\" style=\"background:#385623;\">\n\n\t\t\t<!-- Custom Action Hook -->\n\t\t\t\n\t\t\t\t<!-- Standard Font Awesome Icon -->\n\t\t\t\t<span class=\"fa fa-home\" title=\"R\u00fcckbau des Dachstuhls.\"><\/span>\n\n\t\t\t\n\t\t<\/div> <!-- cd-timeline-img -->\n\n\t\n\t\t<\/a>\n\n\t\t\n\t<!-- Timeline Content -->\n\t<div class=\"cd-timeline-content\">\n\n\t\t\n\t\t<!-- Announcement Title -->\n\t\t<div class=\"cd-timeline-title-container\">\n\n\t\t\t\n\t\t\t<h2 class=\"cd-timeline-item-title\">\n\t\t\t\tR\u00fcckbau des Dachstuhls.\t\t\t<\/h2>\n\n\t\t\t\t\t\t\t<p class=\"timeline-date\">\n\t\t\t\t\t14.09.2021\t\t\t\t<\/p>\n\t\t\t\t\t\t<\/div>\n\t\t<!-- End Announcement Title -->\n\n\t\t<img loading=\"lazy\" decoding=\"async\" width=\"350\" height=\"120\" src=\"https:\/\/www.senklerhof.de\/wp-content\/uploads\/2021\/09\/Dachsanierung-Dachstul-Web-350x120.jpg\" class=\"announcement-banner-image\" alt=\"R\u00fcckbau des Dachstuhls.\" \/>\n\t\t<!-- Announcement Excerpt -->\n\t\t<div class=\"the-excerpt\">\n\t\t\t<p>Der R\u00fcckbau des Dachstuhles hat begonnen. Die Faser-Zement Platten und die Blechabdeckung auf dem Dach wurden entfernt und fachgerecht entsorgt. Danach folgte dann der Abriss der tollen Schindeleindeckung und Sparren. &nbsp; &nbsp; &nbsp; &nbsp; &nbsp; &nbsp;<\/p>\n<a class=\"timeline-express-read-more-link\" href=\"https:\/\/www.senklerhof.de\/index.php\/announcement\/rueckbau-dachstuhl\/\"> Read more<\/a>\t\t<\/div>\n\t\t<!-- End Announcement Excerpt -->\n\n\t\t\n\t<\/div>\n\t<!-- End Timeline Content -->\n\n<\/div>\n<!-- End Timeline Block -->\n\n<div class=\"cd-timeline-block september 19 2021 announcement-2035\">\n\n\t\n\t\t<a class=\"cd-timeline-icon-link\" href=\"https:\/\/www.senklerhof.de\/index.php\/announcement\/es-geht-voran\/\">\n\n\t\t\t\n\t\t<div class=\"cd-timeline-img cd-picture\" style=\"background:#385623;\">\n\n\t\t\t<!-- Custom Action Hook -->\n\t\t\t\n\t\t\t\t<!-- Standard Font Awesome Icon -->\n\t\t\t\t<span class=\"fa fa-home\" title=\"Es geht voran.\"><\/span>\n\n\t\t\t\n\t\t<\/div> <!-- cd-timeline-img -->\n\n\t\n\t\t<\/a>\n\n\t\t\n\t<!-- Timeline Content -->\n\t<div class=\"cd-timeline-content\">\n\n\t\t\n\t\t<!-- Announcement Title -->\n\t\t<div class=\"cd-timeline-title-container\">\n\n\t\t\t\n\t\t\t<h2 class=\"cd-timeline-item-title\">\n\t\t\t\tEs geht voran.\t\t\t<\/h2>\n\n\t\t\t\t\t\t\t<p class=\"timeline-date\">\n\t\t\t\t\t19.09.2021\t\t\t\t<\/p>\n\t\t\t\t\t\t<\/div>\n\t\t<!-- End Announcement Title -->\n\n\t\t<img loading=\"lazy\" decoding=\"async\" width=\"350\" height=\"120\" src=\"https:\/\/www.senklerhof.de\/wp-content\/uploads\/2021\/09\/20210919_160635-Web-350x120.jpg\" class=\"announcement-banner-image\" alt=\"Es geht voran.\" \/>\n\t\t<!-- Announcement Excerpt -->\n\t\t<div class=\"the-excerpt\">\n\t\t\t<p>Nach dem bis Mitte der letzten Woche das Dach und der Dachstuhl r\u00fcckgebaut wurde, hat nun der Aufbau des neuen Dachstuhls begonnen. Trotz des schlechten Wetters am Mittwoch und Donnerstag wurde die Wiederkehr errichtet, die Firstbalken, die Fu\u00df- und Mittelpfette sowie die ersten Sparren gesetzt.&nbsp;&#8230;<\/p>\n<a class=\"timeline-express-read-more-link\" href=\"https:\/\/www.senklerhof.de\/index.php\/announcement\/es-geht-voran\/\"> Read more<\/a>\t\t<\/div>\n\t\t<!-- End Announcement Excerpt -->\n\n\t\t\n\t<\/div>\n\t<!-- End Timeline Content -->\n\n<\/div>\n<!-- End Timeline Block -->\n\n<div class=\"cd-timeline-block september 27 2021 announcement-2072\">\n\n\t\n\t\t<a class=\"cd-timeline-icon-link\" href=\"https:\/\/www.senklerhof.de\/index.php\/announcement\/es-nimmt-formen-an\/\">\n\n\t\t\t\n\t\t<div class=\"cd-timeline-img cd-picture\" style=\"background:#385623;\">\n\n\t\t\t<!-- Custom Action Hook -->\n\t\t\t\n\t\t\t\t<!-- Standard Font Awesome Icon -->\n\t\t\t\t<span class=\"fa fa-home\" title=\"Es nimmt Formen an.\"><\/span>\n\n\t\t\t\n\t\t<\/div> <!-- cd-timeline-img -->\n\n\t\n\t\t<\/a>\n\n\t\t\n\t<!-- Timeline Content -->\n\t<div class=\"cd-timeline-content\">\n\n\t\t\n\t\t<!-- Announcement Title -->\n\t\t<div class=\"cd-timeline-title-container\">\n\n\t\t\t\n\t\t\t<h2 class=\"cd-timeline-item-title\">\n\t\t\t\tEs nimmt Formen an.\t\t\t<\/h2>\n\n\t\t\t\t\t\t\t<p class=\"timeline-date\">\n\t\t\t\t\t27.09.2021\t\t\t\t<\/p>\n\t\t\t\t\t\t<\/div>\n\t\t<!-- End Announcement Title -->\n\n\t\t<img loading=\"lazy\" decoding=\"async\" width=\"350\" height=\"120\" src=\"https:\/\/www.senklerhof.de\/wp-content\/uploads\/2021\/09\/DSC_0791-Web-350x120.jpg\" class=\"announcement-banner-image\" alt=\"Es nimmt Formen an.\" \/>\n\t\t<!-- Announcement Excerpt -->\n\t\t<div class=\"the-excerpt\">\n\t\t\t<p>Der Dachaufbau mach riesige Fortschritte und das Wetter spielt auch mit. &nbsp;<\/p>\n<a class=\"timeline-express-read-more-link\" href=\"https:\/\/www.senklerhof.de\/index.php\/announcement\/es-nimmt-formen-an\/\"> Read more<\/a>\t\t<\/div>\n\t\t<!-- End Announcement Excerpt -->\n\n\t\t\n\t<\/div>\n\t<!-- End Timeline Content -->\n\n<\/div>\n<!-- End Timeline Block -->\n\n<div class=\"cd-timeline-block oktober 06 2021 announcement-2103\">\n\n\t\n\t\t<a class=\"cd-timeline-icon-link\" href=\"https:\/\/www.senklerhof.de\/index.php\/announcement\/innen-und-aussen-wird-gearbeitet\/\">\n\n\t\t\t\n\t\t<div class=\"cd-timeline-img cd-picture\" style=\"background:#385623;\">\n\n\t\t\t<!-- Custom Action Hook -->\n\t\t\t\n\t\t\t\t<!-- Standard Font Awesome Icon -->\n\t\t\t\t<span class=\"fa fa-home\" title=\"Innen und Au\u00dfen wird gearbeitet.\"><\/span>\n\n\t\t\t\n\t\t<\/div> <!-- cd-timeline-img -->\n\n\t\n\t\t<\/a>\n\n\t\t\n\t<!-- Timeline Content -->\n\t<div class=\"cd-timeline-content\">\n\n\t\t\n\t\t<!-- Announcement Title -->\n\t\t<div class=\"cd-timeline-title-container\">\n\n\t\t\t\n\t\t\t<h2 class=\"cd-timeline-item-title\">\n\t\t\t\tInnen und Au\u00dfen wird gearbeitet.\t\t\t<\/h2>\n\n\t\t\t\t\t\t\t<p class=\"timeline-date\">\n\t\t\t\t\t06.10.2021\t\t\t\t<\/p>\n\t\t\t\t\t\t<\/div>\n\t\t<!-- End Announcement Title -->\n\n\t\t<img loading=\"lazy\" decoding=\"async\" width=\"350\" height=\"120\" src=\"https:\/\/www.senklerhof.de\/wp-content\/uploads\/2021\/10\/DSC_0926_WEB-350x120.jpg\" class=\"announcement-banner-image\" alt=\"Innen und Au\u00dfen wird gearbeitet.\" \/>\n\t\t<!-- Announcement Excerpt -->\n\t\t<div class=\"the-excerpt\">\n\t\t\t<p>Nach dem Erstellen des Dachstuhles stehen nun verschiedene Arbeiten innen und au\u00dfen an.<\/p>\n<a class=\"timeline-express-read-more-link\" href=\"https:\/\/www.senklerhof.de\/index.php\/announcement\/innen-und-aussen-wird-gearbeitet\/\"> Read more<\/a>\t\t<\/div>\n\t\t<!-- End Announcement Excerpt -->\n\n\t\t\n\t<\/div>\n\t<!-- End Timeline Content -->\n\n<\/div>\n<!-- End Timeline Block -->\n\n<div class=\"cd-timeline-block oktober 18 2021 announcement-2088\">\n\n\t\n\t\t<a class=\"cd-timeline-icon-link\" href=\"https:\/\/www.senklerhof.de\/index.php\/announcement\/das-dach-ist-wieder-eingedeckt\/\">\n\n\t\t\t\n\t\t<div class=\"cd-timeline-img cd-picture\" style=\"background:#385623;\">\n\n\t\t\t<!-- Custom Action Hook -->\n\t\t\t\n\t\t\t\t<!-- Standard Font Awesome Icon -->\n\t\t\t\t<span class=\"fa fa-home\" title=\"Das Dach ist wieder eingedeckt.\"><\/span>\n\n\t\t\t\n\t\t<\/div> <!-- cd-timeline-img -->\n\n\t\n\t\t<\/a>\n\n\t\t\n\t<!-- Timeline Content -->\n\t<div class=\"cd-timeline-content\">\n\n\t\t\n\t\t<!-- Announcement Title -->\n\t\t<div class=\"cd-timeline-title-container\">\n\n\t\t\t\n\t\t\t<h2 class=\"cd-timeline-item-title\">\n\t\t\t\tDas Dach ist wieder eingedeckt.\t\t\t<\/h2>\n\n\t\t\t\t\t\t\t<p class=\"timeline-date\">\n\t\t\t\t\t18.10.2021\t\t\t\t<\/p>\n\t\t\t\t\t\t<\/div>\n\t\t<!-- End Announcement Title -->\n\n\t\t<img loading=\"lazy\" decoding=\"async\" width=\"350\" height=\"120\" src=\"https:\/\/www.senklerhof.de\/wp-content\/uploads\/2021\/10\/DSC_1112_WEB-350x120.jpg\" class=\"announcement-banner-image\" alt=\"Das Dach ist wieder eingedeckt.\" \/>\n\t\t<!-- Announcement Excerpt -->\n\t\t<div class=\"the-excerpt\">\n\t\t\t<p>Mit vielen Helfern und tollen Handwerker wurde das Dach mit unserem Ziegel Brass Granat 13V nun wieder eingedeckt. Jetzt wird das Ger\u00fcst noch abgebaut und der Senklerhof innen und au\u00dfen gr\u00fcndlich gereinigt. Somit steht einer Wiederer\u00f6ffnung wie geplant zum 25. Oktober nichts mehr im Wege.<\/p>\n<a class=\"timeline-express-read-more-link\" href=\"https:\/\/www.senklerhof.de\/index.php\/announcement\/das-dach-ist-wieder-eingedeckt\/\"> Read more<\/a>\t\t<\/div>\n\t\t<!-- End Announcement Excerpt -->\n\n\t\t\n\t<\/div>\n\t<!-- End Timeline Content -->\n\n<\/div>\n<!-- End Timeline Block -->\n\n<div class=\"cd-timeline-block oktober 24 2021 announcement-2120\">\n\n\t\n\t\t<a class=\"cd-timeline-icon-link\" href=\"https:\/\/www.senklerhof.de\/index.php\/announcement\/die-bauarbeiten-sind-abgeschlossen\/\">\n\n\t\t\t\n\t\t<div class=\"cd-timeline-img cd-picture\" style=\"background:#385623;\">\n\n\t\t\t<!-- Custom Action Hook -->\n\t\t\t\n\t\t\t\t<!-- Standard Font Awesome Icon -->\n\t\t\t\t<span class=\"fa fa-home\" title=\"Die Bauarbeiten sind abgeschlossen.\"><\/span>\n\n\t\t\t\n\t\t<\/div> <!-- cd-timeline-img -->\n\n\t\n\t\t<\/a>\n\n\t\t\n\t<!-- Timeline Content -->\n\t<div class=\"cd-timeline-content\">\n\n\t\t\n\t\t<!-- Announcement Title -->\n\t\t<div class=\"cd-timeline-title-container\">\n\n\t\t\t\n\t\t\t<h2 class=\"cd-timeline-item-title\">\n\t\t\t\tDie Bauarbeiten sind abgeschlossen.\t\t\t<\/h2>\n\n\t\t\t\t\t\t\t<p class=\"timeline-date\">\n\t\t\t\t\t24.10.2021\t\t\t\t<\/p>\n\t\t\t\t\t\t<\/div>\n\t\t<!-- End Announcement Title -->\n\n\t\t<img loading=\"lazy\" decoding=\"async\" width=\"350\" height=\"120\" src=\"https:\/\/www.senklerhof.de\/wp-content\/uploads\/2021\/10\/20211024_103321_WEB-350x120.jpg\" class=\"announcement-banner-image\" alt=\"Die Bauarbeiten sind abgeschlossen.\" \/>\n\t\t<!-- Announcement Excerpt -->\n\t\t<div class=\"the-excerpt\">\n\t\t\t<p>Nach dem diese Woche noch kleinere Restarbeiten erledigt und das Ger\u00fcst abgebaut wurde sind die Bauarbeiten am Senklerhof beendet und abgeschlossen. Am Wochenende fand nun noch eine gr\u00fcndliche Reinigung innen und au\u00dfen statt. Somit steht der Wiederer\u00f6ffnung nichts mehr im Wege, und am Montag erwarten&#8230;<\/p>\n<a class=\"timeline-express-read-more-link\" href=\"https:\/\/www.senklerhof.de\/index.php\/announcement\/die-bauarbeiten-sind-abgeschlossen\/\"> Read more<\/a>\t\t<\/div>\n\t\t<!-- End Announcement Excerpt -->\n\n\t\t\n\t<\/div>\n\t<!-- End Timeline Content -->\n\n<\/div>\n<!-- End Timeline Block -->\n\n\t\t\t<\/section>\n\n\t\t\t<!-- Timeline Express Free v1.8.1 | Site: https:\/\/www.wp-timelineexpress.com | Author: CodeParrots - http:\/\/www.codeparrots.com -->\n","protected":false},"excerpt":{"rendered":"","protected":false},"author":1,"featured_media":0,"parent":0,"menu_order":0,"comment_status":"closed","ping_status":"closed","template":"","meta":{"ngg_post_thumbnail":0,"footnotes":""},"class_list":["post-1966","page","type-page","status-publish","hentry"],"_links":{"self":[{"href":"https:\/\/www.senklerhof.de\/index.php\/wp-json\/wp\/v2\/pages\/1966","targetHints":{"allow":["GET"]}}],"collection":[{"href":"https:\/\/www.senklerhof.de\/index.php\/wp-json\/wp\/v2\/pages"}],"about":[{"href":"https:\/\/www.senklerhof.de\/index.php\/wp-json\/wp\/v2\/types\/page"}],"author":[{"embeddable":true,"href":"https:\/\/www.senklerhof.de\/index.php\/wp-json\/wp\/v2\/users\/1"}],"replies":[{"embeddable":true,"href":"https:\/\/www.senklerhof.de\/index.php\/wp-json\/wp\/v2\/comments?post=1966"}],"version-history":[{"count":4,"href":"https:\/\/www.senklerhof.de\/index.php\/wp-json\/wp\/v2\/pages\/1966\/revisions"}],"predecessor-version":[{"id":2023,"href":"https:\/\/www.senklerhof.de\/index.php\/wp-json\/wp\/v2\/pages\/1966\/revisions\/2023"}],"wp:attachment":[{"href":"https:\/\/www.senklerhof.de\/index.php\/wp-json\/wp\/v2\/media?parent=1966"}],"curies":[{"name":"wp","href":"https:\/\/api.w.org\/{rel}","templated":true}]}}