{"id":2331,"date":"2023-03-12T17:13:54","date_gmt":"2023-03-12T16:13:54","guid":{"rendered":"https:\/\/www.senklerhof.de\/?page_id=2331"},"modified":"2023-03-26T20:13:41","modified_gmt":"2023-03-26T19:13:41","slug":"datenschutz","status":"publish","type":"page","link":"https:\/\/www.senklerhof.de\/index.php\/datenschutz\/","title":{"rendered":"Datenschutz"},"content":{"rendered":"<p>Liebe G\u00e4ste und Besucher des Senklerhofs,<\/p>\n<p>der Senklerhof e.V. verarbeitet in vielfacher Weise automatisiert personenbezogene Daten (z.B. im Rahmen der Vereinsverwaltung, des Betriebs des Senklerhofes, der \u00d6ffentlichkeitsarbeit des Vereins). Um die Vorgaben der EU-Datenschutz-Grundverordnung und des Bundesdatenschutzgesetzes zu erf\u00fcllen, Datenschutzverst\u00f6\u00dfe zu vermeiden und einen einheitlichen Umgang mit personenbezogenen Daten innerhalb des Vereins zu gew\u00e4hrleisten, hat der Verein das nachfolgende Informationsblatt gem\u00e4\u00df Art. 13 Informationspflicht bei Erhebung von personenbezogenen Daten bei der betroffenen Person der Datenschutz-Grundverordnung (DS-GVO) erstellt.<\/p>\n<p><a href=\"https:\/\/www.senklerhof.de\/wp-content\/uploads\/2023\/03\/Senklerhof-DSGVO-Informationsblatt-1.pdf\" target=\"_blank\" rel=\"noopener\">DSGVO &#8211; Informationsblatt<\/a><\/p>\n<p>Der Vorstand<\/p>\n","protected":false},"excerpt":{"rendered":"<p>Liebe G\u00e4ste und Besucher des Senklerhofs, der Senklerhof e.V. verarbeitet in vielfacher Weise automatisiert personenbezogene Daten (z.B. im Rahmen der Vereinsverwaltung, des Betriebs des Senklerhofes, der \u00d6ffentlichkeitsarbeit des Vereins). Um die Vorgaben der EU-Datenschutz-Grundverordnung und des Bundesdatenschutzgesetzes zu erf\u00fcllen, Datenschutzverst\u00f6\u00dfe zu vermeiden und einen einheitlichen<a class=\"read-more\" href=\"https:\/\/www.senklerhof.de\/index.php\/datenschutz\/\">Weiterlesen<\/a><\/p>\n","protected":false},"author":1,"featured_media":0,"parent":0,"menu_order":0,"comment_status":"closed","ping_status":"closed","template":"","meta":{"ngg_post_thumbnail":0,"footnotes":""},"class_list":["post-2331","page","type-page","status-publish","hentry"],"_links":{"self":[{"href":"https:\/\/www.senklerhof.de\/index.php\/wp-json\/wp\/v2\/pages\/2331","targetHints":{"allow":["GET"]}}],"collection":[{"href":"https:\/\/www.senklerhof.de\/index.php\/wp-json\/wp\/v2\/pages"}],"about":[{"href":"https:\/\/www.senklerhof.de\/index.php\/wp-json\/wp\/v2\/types\/page"}],"author":[{"embeddable":true,"href":"https:\/\/www.senklerhof.de\/index.php\/wp-json\/wp\/v2\/users\/1"}],"replies":[{"embeddable":true,"href":"https:\/\/www.senklerhof.de\/index.php\/wp-json\/wp\/v2\/comments?post=2331"}],"version-history":[{"count":5,"href":"https:\/\/www.senklerhof.de\/index.php\/wp-json\/wp\/v2\/pages\/2331\/revisions"}],"predecessor-version":[{"id":2400,"href":"https:\/\/www.senklerhof.de\/index.php\/wp-json\/wp\/v2\/pages\/2331\/revisions\/2400"}],"wp:attachment":[{"href":"https:\/\/www.senklerhof.de\/index.php\/wp-json\/wp\/v2\/media?parent=2331"}],"curies":[{"name":"wp","href":"https:\/\/api.w.org\/{rel}","templated":true}]}}