{"id":38,"date":"2018-02-11T11:53:00","date_gmt":"2018-02-11T11:53:00","guid":{"rendered":"http:\/\/192.168.130.227\/senklerhof\/?page_id=38"},"modified":"2021-11-01T17:29:49","modified_gmt":"2021-11-01T16:29:49","slug":"das-haus","status":"publish","type":"page","link":"https:\/\/www.senklerhof.de\/index.php\/das-haus\/","title":{"rendered":"Haus"},"content":{"rendered":"<p style=\"text-align: left;\"><a href=\"http:\/\/www.senklerhof.de\/wp-content\/uploads\/2019\/08\/Das-Haus-Das-Haus.jpg\" target=\"_blank\" rel=\"noopener noreferrer\"><img loading=\"lazy\" decoding=\"async\" class=\"alignright wp-image-1057\" src=\"http:\/\/www.senklerhof.de\/wp-content\/uploads\/2019\/08\/Das-Haus-Das-Haus-Web-1-300x169.jpg\" alt=\"\" width=\"342\" height=\"193\" srcset=\"https:\/\/www.senklerhof.de\/wp-content\/uploads\/2019\/08\/Das-Haus-Das-Haus-Web-1-300x169.jpg 300w, https:\/\/www.senklerhof.de\/wp-content\/uploads\/2019\/08\/Das-Haus-Das-Haus-Web-1-768x432.jpg 768w, https:\/\/www.senklerhof.de\/wp-content\/uploads\/2019\/08\/Das-Haus-Das-Haus-Web-1-1024x576.jpg 1024w, https:\/\/www.senklerhof.de\/wp-content\/uploads\/2019\/08\/Das-Haus-Das-Haus-Web-1-520x293.jpg 520w, https:\/\/www.senklerhof.de\/wp-content\/uploads\/2019\/08\/Das-Haus-Das-Haus-Web-1-740x416.jpg 740w\" sizes=\"auto, (max-width: 342px) 100vw, 342px\" \/><\/a>Der Senklerhof ist eine <strong>Bildungs- und Tagungsst\u00e4tte f\u00fcr die Jugend-, Familien und Erwachsenenbildung<\/strong>.<\/p>\n<p>Eigent\u00fcmer des Hauses ist der <a href=\"http:\/\/www.senklerhof.de\/index.php\/verein\/\">Verein Senklerhof e.V.<\/a><\/p>\n<p>Der Senklerhof ist ein altes Schwarzwaldhaus. Umgeben von Tannenw\u00e4ldern liegt der Hof auf ca. 860 m Meeresh\u00f6he in einem stillen Schwarzwaldtal, <strong>in der N\u00e4he von St. M\u00e4rgen<\/strong>.<\/p>\n<p><strong>Der Senklerhof ist ein Selbstversorgerhaus<\/strong> und verf\u00fcgt \u00fcber eine gro\u00dfz\u00fcgig eingerichtete K\u00fcche. Eine gro\u00dfe Stube kann als Seminarraum genutzt werden und ein kleinerer bietet Platz zum Essen und Spielen.<\/p>\n<p><strong>In mehreren Schlafr\u00e4umen finden maximal 25 Personen Platz<\/strong>. Die 25 Schlafpl\u00e4tze verteilen sich auf vier Zimmer mit jeweils 3, 4, 8 und 10 Betten. Um das Haus befinden sich verschiedene Sitzgelegenheiten, eine Grillstelle sowie Wiesen und Wald zur Freizeitgestaltung.<\/p>\n<p>&nbsp;<\/p>\n<div id=\"wpgmza_map\" class=\"wpgmza_map\" data-settings='{\"id\":\"1\",\"map_title\":\"Senklerhof\",\"map_width\":\"100\",\"map_height\":\"400\",\"map_start_lat\":\"47.965993\",\"map_start_lng\":\"8.096589\",\"map_start_location\":\"47.965993158223284,8.096589146039394\",\"map_start_zoom\":\"10\",\"default_marker\":\"0\",\"type\":\"3\",\"alignment\":\"1\",\"directions_enabled\":\"1\",\"styling_enabled\":\"0\",\"styling_json\":\"\",\"active\":\"0\",\"kml\":\"\",\"bicycle\":\"0\",\"traffic\":\"0\",\"dbox\":\"1\",\"dbox_width\":\"100\",\"listmarkers\":\"0\",\"listmarkers_advanced\":\"0\",\"filterbycat\":\"0\",\"ugm_enabled\":\"0\",\"ugm_category_enabled\":\"0\",\"fusion\":\"\",\"map_width_type\":\"\\\\%\",\"map_height_type\":\"px\",\"mass_marker_support\":\"1\",\"ugm_access\":\"0\",\"order_markers_by\":\"1\",\"order_markers_choice\":\"2\",\"show_user_location\":\"0\",\"default_to\":\"\",\"other_settings\":{\"store_locator_enabled\":2,\"store_locator_distance\":2,\"store_locator_default_radius\":\"10\",\"store_locator_not_found_message\":\"No results found in this location. Please try again.\",\"store_locator_bounce\":1,\"store_locator_query_string\":\"ZIP \\\/ Address:\",\"store_locator_default_address\":\"\",\"wpgmza_store_locator_restrict\":\"\",\"store_locator_style\":\"legacy\",\"wpgmza_store_locator_radius_style\":\"legacy\",\"map_max_zoom\":\"1\",\"transport_layer\":0,\"wpgmza_theme_data\":\"[ \\\\\\\"visibility\\\\\\\", \\\\\\\"invert_lightness\\\\\\\", \\\\\\\"color\\\\\\\", \\\\\\\"weight\\\\\\\", \\\\\\\"hue\\\\\\\", \\\\\\\"saturation\\\\\\\", \\\\\\\"lightness\\\\\\\", \\\\\\\"gamma\\\\\\\"]\",\"wpgmza_theme_selection\":0,\"wpgmza_show_points_of_interest\":1}}' data-map-id='1' Data-maps-engine='' data-shortcode-attributes='{\"id\":\"1\"}' style=\"display:block; overflow:auto; width:100%; height:400px; float:left;\"><\/div>\n<p style=\"text-align: left;\">&nbsp;<\/p>\n","protected":false},"excerpt":{"rendered":"<p>Der Senklerhof ist eine Bildungs- und Tagungsst\u00e4tte f\u00fcr die Jugend-, Familien und Erwachsenenbildung. Eigent\u00fcmer des Hauses ist der Verein Senklerhof e.V. Der Senklerhof ist ein altes Schwarzwaldhaus. Umgeben von Tannenw\u00e4ldern liegt der Hof auf ca. 860 m Meeresh\u00f6he in einem stillen Schwarzwaldtal, in der N\u00e4he<a class=\"read-more\" href=\"https:\/\/www.senklerhof.de\/index.php\/das-haus\/\">Weiterlesen<\/a><\/p>\n","protected":false},"author":1,"featured_media":0,"parent":0,"menu_order":0,"comment_status":"closed","ping_status":"closed","template":"","meta":{"ngg_post_thumbnail":0,"footnotes":""},"class_list":["post-38","page","type-page","status-publish","hentry"],"_links":{"self":[{"href":"https:\/\/www.senklerhof.de\/index.php\/wp-json\/wp\/v2\/pages\/38","targetHints":{"allow":["GET"]}}],"collection":[{"href":"https:\/\/www.senklerhof.de\/index.php\/wp-json\/wp\/v2\/pages"}],"about":[{"href":"https:\/\/www.senklerhof.de\/index.php\/wp-json\/wp\/v2\/types\/page"}],"author":[{"embeddable":true,"href":"https:\/\/www.senklerhof.de\/index.php\/wp-json\/wp\/v2\/users\/1"}],"replies":[{"embeddable":true,"href":"https:\/\/www.senklerhof.de\/index.php\/wp-json\/wp\/v2\/comments?post=38"}],"version-history":[{"count":33,"href":"https:\/\/www.senklerhof.de\/index.php\/wp-json\/wp\/v2\/pages\/38\/revisions"}],"predecessor-version":[{"id":2133,"href":"https:\/\/www.senklerhof.de\/index.php\/wp-json\/wp\/v2\/pages\/38\/revisions\/2133"}],"wp:attachment":[{"href":"https:\/\/www.senklerhof.de\/index.php\/wp-json\/wp\/v2\/media?parent=38"}],"curies":[{"name":"wp","href":"https:\/\/api.w.org\/{rel}","templated":true}]}}