{"id":918,"date":"2019-08-18T12:38:15","date_gmt":"2019-08-18T11:38:15","guid":{"rendered":"http:\/\/www.senklerhof.de\/?page_id=918"},"modified":"2023-03-26T20:10:49","modified_gmt":"2023-03-26T19:10:49","slug":"brandschutz","status":"publish","type":"page","link":"https:\/\/www.senklerhof.de\/index.php\/brandschutz\/","title":{"rendered":"Brandschutz"},"content":{"rendered":"<p>Br\u00e4nde sind eine ernstzunehmende Gefahr f\u00fcr das Leben und die Gesundheit. In Deutschland gab es im Jahr 2020 ungef\u00e4hr 217.000 Br\u00e4nde mit 388 Toten.<\/p>\n<table width=\"600\">\n<tbody>\n<tr>\n<td width=\"120\"><span style=\"color: #385623;\"><strong>Jahr<\/strong><\/span><\/td>\n<td style=\"text-align: center;\" width=\"80\"><span style=\"color: #385623;\"><strong>2000<\/strong><\/span><\/td>\n<td style=\"text-align: center;\" width=\"80\"><span style=\"color: #385623;\"><strong>2005<\/strong><\/span><\/td>\n<td style=\"text-align: center;\" width=\"80\"><span style=\"color: #385623;\"><strong>2010<\/strong><\/span><\/td>\n<td style=\"text-align: center;\" width=\"80\"><span style=\"color: #385623;\"><strong>2015<\/strong><\/span><\/td>\n<td style=\"text-align: center;\" width=\"80\"><span style=\"color: #385623;\"><strong>2020<\/strong><\/span><\/td>\n<\/tr>\n<tr>\n<td width=\"12\">Br\u00e4nde<\/td>\n<td style=\"text-align: center;\" width=\"80\">197.154<\/td>\n<td style=\"text-align: center;\" width=\"80\">158.600<\/td>\n<td style=\"text-align: center;\" width=\"80\">188.429<\/td>\n<td style=\"text-align: center;\" width=\"80\">192.078<\/td>\n<td style=\"text-align: center;\" width=\"80\">217.145<\/td>\n<\/tr>\n<tr>\n<td width=\"120\">Brandtote<\/td>\n<td style=\"text-align: center;\" width=\"80\">475<\/td>\n<td style=\"text-align: center;\" width=\"80\">484<\/td>\n<td style=\"text-align: center;\" width=\"80\">373<\/td>\n<td style=\"text-align: center;\" width=\"80\">367<\/td>\n<td style=\"text-align: center;\" width=\"80\">388<\/td>\n<\/tr>\n<\/tbody>\n<\/table>\n<h6>Quelle: Deutscher Feuerwehrverband<\/h6>\n<p>Die Sicherheit und Unversehrtheit der Besucher und G\u00e4ste des Senklerhofs steht an erster Stelle. Jeder Besucher ist daher im eigenen Interesse gehalten und gegen\u00fcber seinen Mitbesuchern, sowie dem Senklerhof e.V. verpflichtet, Br\u00e4nde nach seinen Kr\u00e4ften zu verh\u00fcten.<\/p>\n<p>Das Geb\u00e4ude und dessen Inventar k\u00f6nnen nach einem Brand mit mehr oder weniger gro\u00dfen Aufwand wieder in Stand gesetzt, zerst\u00f6rtes Inventar neu beschafft werden. Der Verlust von menschlichem Leben und die Beeintr\u00e4chtigung der Gesundheit durch den Brand wiegen dagegen ungleich schwerer als der Sachschaden.<\/p>\n<p>Die Brandschutzordnung ist f\u00fcr alle Besucher und G\u00e4ste des Senklerhofes verbindlich.<\/p>\n<p><a href=\"https:\/\/www.senklerhof.de\/wp-content\/uploads\/2023\/03\/Senklerhof-Brandschutzordnung-Teil-A.pdf\" target=\"_blank\" rel=\"noopener noreferrer\">Senklerhof &#8211; Brandschutzordnung Teil A<\/a><\/p>\n<p><a href=\"https:\/\/www.senklerhof.de\/wp-content\/uploads\/2023\/03\/Senklerhof-Brandschutzordnung-Teil-B-1.pdf\" target=\"_blank\" rel=\"noopener noreferrer\">Senklerhof &#8211; Brandschutzordnung Teil B<\/a><\/p>\n<p>Der Vorstand<\/p>\n<p>&nbsp;<\/p>\n","protected":false},"excerpt":{"rendered":"<p>Br\u00e4nde sind eine ernstzunehmende Gefahr f\u00fcr das Leben und die Gesundheit. In Deutschland gab es im Jahr 2020 ungef\u00e4hr 217.000 Br\u00e4nde mit 388 Toten. Jahr 2000 2005 2010 2015 2020 Br\u00e4nde 197.154 158.600 188.429 192.078 217.145 Brandtote 475 484 373 367 388 Quelle: Deutscher Feuerwehrverband<a class=\"read-more\" href=\"https:\/\/www.senklerhof.de\/index.php\/brandschutz\/\">Weiterlesen<\/a><\/p>\n","protected":false},"author":1,"featured_media":0,"parent":0,"menu_order":0,"comment_status":"closed","ping_status":"closed","template":"","meta":{"ngg_post_thumbnail":0,"footnotes":""},"class_list":["post-918","page","type-page","status-publish","hentry"],"_links":{"self":[{"href":"https:\/\/www.senklerhof.de\/index.php\/wp-json\/wp\/v2\/pages\/918","targetHints":{"allow":["GET"]}}],"collection":[{"href":"https:\/\/www.senklerhof.de\/index.php\/wp-json\/wp\/v2\/pages"}],"about":[{"href":"https:\/\/www.senklerhof.de\/index.php\/wp-json\/wp\/v2\/types\/page"}],"author":[{"embeddable":true,"href":"https:\/\/www.senklerhof.de\/index.php\/wp-json\/wp\/v2\/users\/1"}],"replies":[{"embeddable":true,"href":"https:\/\/www.senklerhof.de\/index.php\/wp-json\/wp\/v2\/comments?post=918"}],"version-history":[{"count":29,"href":"https:\/\/www.senklerhof.de\/index.php\/wp-json\/wp\/v2\/pages\/918\/revisions"}],"predecessor-version":[{"id":2398,"href":"https:\/\/www.senklerhof.de\/index.php\/wp-json\/wp\/v2\/pages\/918\/revisions\/2398"}],"wp:attachment":[{"href":"https:\/\/www.senklerhof.de\/index.php\/wp-json\/wp\/v2\/media?parent=918"}],"curies":[{"name":"wp","href":"https:\/\/api.w.org\/{rel}","templated":true}]}}